{"id":9,"date":"2020-05-26T13:27:12","date_gmt":"2020-05-26T11:27:12","guid":{"rendered":"http:\/\/wp13553840.server-he.de\/?page_id=9"},"modified":"2026-01-05T10:38:48","modified_gmt":"2026-01-05T09:38:48","slug":"ueber-uns","status":"publish","type":"page","link":"https:\/\/www.pureconsultant.de\/de\/ueber-uns\/","title":{"rendered":"\u00dcber uns"},"content":{"rendered":"<div class=\"m-block--container u-offset m-block--core--heading\">\n<h2 class=\"wp-block-heading\" id=\"h-uber-pure-consultant\">\u00dcber PURE Consultant<\/h2>\n<\/div><div class=\"m-block--container u-offset m-block--core--paragraph\">\n<p>Consulting aus K\u00f6ln \u2013 f\u00fcr ganz Deutschland: das ist PURE Consultant. Wir sind eine moderne Management- und Technologieberatung mit einem 360 Grad Blick auf Ihr Unternehmen. Unser Team aus Consulting-Expert*innen entwickelt Ma\u00dfnahmen und Ans\u00e4tze, die lokal bis global nachhaltige Wirkung und Mehrwert erzielen. Wir verbinden Analyse, Strategie, <a href=\"https:\/\/www.pureconsultant.de\/de\/beratung\/\">Managementberatung<\/a>, <a href=\"https:\/\/www.pureconsultant.de\/de\/trainings\/scrum-trainings\/\">Trainings f\u00fcr agile Methoden<\/a> sowie die Implementierung von Ma\u00dfnahmen zu einem Ganzen.<\/p>\n<\/div><div class=\"m-block--container u-offset m-block--core--paragraph\">\n<p>Das Fundament bilden dabei unsere <a href=\"https:\/\/www.pureconsultant.de\/de\/trainings\/\">Trainings<\/a> und <a href=\"https:\/\/www.pureconsultant.de\/de\/beratung\/coaching\/\">Coachings<\/a>, in denen wir Kund*innen und Mitarbeiter*innen Best Practices und Methoden in Kombination mit Praxiswissen vermitteln, um eine hohe Transferleistung sicherzustellen. Wir bieten Ihnen ein gesundes Niveau an Struktur, Agilit\u00e4t sowie Stabilit\u00e4t und der richtigen Balance der Ebenen Strategie, Organisation und Ihrer Gesch\u00e4ftsprozesse.<\/p>\n<\/div><section class=\"m-contactpersons u-offset\"><div class=\"container-fluid\"><h2 class=\"a-headline--2\">Unser Team<\/h2><p class=\"m-contactpersons__intro\">Mit einem jungen, dynamischen und top ausgebildeten Team begleiten wir \u2013 das Team von PURE Consultant \u2013 Sie punktgenau zu Ihrem Erfolg.<\/p><div class=\"m-contactpersons__row\"><div class=\"m-contactpersons__item\"><img decoding=\"async\" src=\"https:\/\/www.pureconsultant.de\/wp-content\/uploads\/roman-jacobs-510x510.jpg\" class=\"m-contactpersons__image\" alt=\"Roman Jacobs\" width=\"255\" height=\"255\" loading=\"lazy\"><h3 class=\"a-headline--4 m-contactpersons__headline\">Roman Jacobs<\/h3><small class=\"m-contactpersons__position\">Managing Director<\/small><div class=\"m-contactpersons__teaser\"><!-- wp:paragraph -->\n<p>Roman \u00fcbernimmt unter anderem die Programmleitung von Gro\u00dfprojekten, gestaltet <a href=\"https:\/\/www.pureconsultant.de\/de\/beratung\/change-management\/\">Restrukturierungsma\u00dfnahmen<\/a> bestehender Organisationen und begleitet komplexe IT-Transformationen.<\/p>\n<!-- \/wp:paragraph -->\n\n\n<\/div><div class=\"m-contactpersons__full\"><div class=\"m-block--container u-offset m-block--core--paragraph\"> <p>Als Gesch\u00e4ftsf\u00fchrer verantwortet er die Unternehmensentwicklung und strategische Steuerung der Pure.<\/p> <\/div><div class=\"m-block--container u-offset m-block--core--paragraph\"> <p>Er ist Spezialist in den Themen <a href=\"https:\/\/www.pureconsultant.de\/de\/beratung\/\">Portfolio-, Programm- &amp; Prozessmanagement<\/a> sowie den agilen Methoden. Als erfahrener <a href=\"https:\/\/www.pureconsultant.de\/de\/beratung\/\">Unternehmensberater<\/a> hat er bereits viele internationale Projekte betreut. Seine Liebe zum Rheinland hat er dabei nie verloren und schlie\u00dflich die Pure mit seinem Gesch\u00e4ftspartner in der Rheinmetropole <a rel=\"noreferrer noopener\" href=\"https:\/\/de.wikipedia.org\/wiki\/K\u00f6ln\" target=\"_blank\">K\u00f6ln<\/a> gegr\u00fcndet.<\/p> <\/div><\/div><div class=\"m-contactpersons__mobile\"><a href=\"#\" class=\"m-contactpersons__more m-contactpersons__link m-contactpersons__button--show a-iconlink -blue\">Mehr Informationen<svg class=\"feather\"><use xlink:href=\"\/wp-content\/themes\/pureconsultant\/img\/sprite.svg#arrow-down\"\/><\/svg><\/a><a href=\"#\" class=\"m-contactpersons__more m-contactpersons__link m-contactpersons__button--hide a-iconlink -blue\">Weniger Informationen<svg class=\"feather\"><use xlink:href=\"\/wp-content\/themes\/pureconsultant\/img\/sprite.svg#arrow-up\"\/><\/svg><\/a><\/div><\/div><div class=\"m-contactpersons__item\"><img decoding=\"async\" src=\"https:\/\/www.pureconsultant.de\/wp-content\/uploads\/serhat-kuepeli-510x510.jpg\" class=\"m-contactpersons__image\" alt=\"Serhat K\u00fcpeli\" width=\"255\" height=\"255\" loading=\"lazy\"><h3 class=\"a-headline--4 m-contactpersons__headline\">Serhat K\u00fcpeli<\/h3><small class=\"m-contactpersons__position\">Managing Director<\/small><div class=\"m-contactpersons__teaser\"><!-- wp:paragraph -->\n<p>Serhat unterst\u00fctzt Sie bei der Einf\u00fchrung und Optimierung neuer Managementprozesse. Durch seine jahrelange Beratungs- und Coachingerfahrung bef\u00e4higt er Ihr Team neue Aufgaben gewinnbringend f\u00fcr Ihr Unternehmen einzusetzen.<\/p>\n<!-- \/wp:paragraph -->\n\n\n<\/div><div class=\"m-contactpersons__full\"><div class=\"m-block--container u-offset m-block--core--paragraph\"> <p>Als Gesch\u00e4ftsf\u00fchrer liefert Serhat wertvolle Impulse und Ideen, die zur Stabilit\u00e4t, der Innovationsf\u00e4higkeit und dem Wachstum der Pure entscheidend beitragen.<\/p> <\/div><div class=\"m-block--container u-offset m-block--core--paragraph\"> <p>Er ist Spezialist in den Themen IT-Servicemanagement, <a href=\"https:\/\/www.pureconsultant.de\/de\/beratung\/projektmanagement\/\" data-type=\"page\" data-id=\"2027\">Projektmanagement<\/a> sowie <a href=\"https:\/\/www.pureconsultant.de\/de\/trainings\/scrum-trainings\/\">Scrum<\/a>. Neben seinen Trainings bei unseren Partnern, engagierte er sich lange Jahre im Coaching auf dem Fu\u00dfballplatz von Jugendmannschaften seines Heimatvereins.<\/p> <\/div><\/div><div class=\"m-contactpersons__mobile\"><a href=\"#\" class=\"m-contactpersons__more m-contactpersons__link m-contactpersons__button--show a-iconlink -blue\">Mehr Informationen<svg class=\"feather\"><use xlink:href=\"\/wp-content\/themes\/pureconsultant\/img\/sprite.svg#arrow-down\"\/><\/svg><\/a><a href=\"#\" class=\"m-contactpersons__more m-contactpersons__link m-contactpersons__button--hide a-iconlink -blue\">Weniger Informationen<svg class=\"feather\"><use xlink:href=\"\/wp-content\/themes\/pureconsultant\/img\/sprite.svg#arrow-up\"\/><\/svg><\/a><\/div><\/div><div class=\"m-contactpersons__item\"><img decoding=\"async\" src=\"https:\/\/www.pureconsultant.de\/wp-content\/uploads\/dennis-henrichs-510x510.jpg\" class=\"m-contactpersons__image\" alt=\"Dennis Henrichs\" width=\"255\" height=\"255\" loading=\"lazy\"><h3 class=\"a-headline--4 m-contactpersons__headline\">Dennis Henrichs<\/h3><small class=\"m-contactpersons__position\">Head of Pure Trainings<\/small><div class=\"m-contactpersons__teaser\"><!-- wp:paragraph -->\n<p>Dennis <a href=\"https:\/\/www.pureconsultant.de\/de\/beratung\/coaching\/\">coacht<\/a> Ihre Mitarbeiter*innen zielgerichtet anhand von seinen in der Beratung erlangten praxisnahen Fallbeispielen und leistet so eine ergebnisorientierte Unterst\u00fctzung f\u00fcr Ihren Erfolg.<\/p>\n<!-- \/wp:paragraph -->\n\n\n<\/div><div class=\"m-contactpersons__full\"><div class=\"m-block--container u-offset m-block--core--paragraph\"> <p>Zu seinen Spezialthemen geh\u00f6ren das agile <a href=\"https:\/\/www.pureconsultant.de\/de\/beratung\/projektmanagement\/\" data-type=\"page\" data-id=\"2027\">Projektmanagement<\/a>, mit DevOps sowie <a href=\"https:\/\/www.pureconsultant.de\/de\/trainings\/scrum-trainings\/\">Scrum<\/a>. Er versteht es neben dem Kanban-Board, privat auch gut mit dem Wakeboard umzugehen und dort seine perfekte Welle zu finden.<\/p> <\/div><\/div><div class=\"m-contactpersons__mobile\"><a href=\"#\" class=\"m-contactpersons__more m-contactpersons__link m-contactpersons__button--show a-iconlink -blue\">Mehr Informationen<svg class=\"feather\"><use xlink:href=\"\/wp-content\/themes\/pureconsultant\/img\/sprite.svg#arrow-down\"\/><\/svg><\/a><a href=\"#\" class=\"m-contactpersons__more m-contactpersons__link m-contactpersons__button--hide a-iconlink -blue\">Weniger Informationen<svg class=\"feather\"><use xlink:href=\"\/wp-content\/themes\/pureconsultant\/img\/sprite.svg#arrow-up\"\/><\/svg><\/a><\/div><\/div><div class=\"m-contactpersons__item\"><img decoding=\"async\" src=\"https:\/\/www.pureconsultant.de\/wp-content\/uploads\/theo-staschewski-510x510.jpg\" class=\"m-contactpersons__image\" alt=\"Theo Staschewski\" width=\"255\" height=\"255\" loading=\"lazy\"><h3 class=\"a-headline--4 m-contactpersons__headline\">Theo Staschewski<\/h3><small class=\"m-contactpersons__position\">Consultant<\/small><div class=\"m-contactpersons__teaser\"><!-- wp:paragraph -->\n<p>Theo entwickelt aus Ihren Anforderungen konkrete Ergebnisse und begleitet die erfolgreiche Umsetzung im Rollout von Projektergebnissen. Er verantwortet das Thema HR bei der Pure.<\/p>\n<!-- \/wp:paragraph -->\n\n\n<\/div><div class=\"m-contactpersons__full\"><div class=\"m-block--container u-offset m-block--core--paragraph\"> <p>Zu seinen Spezialthemen geh\u00f6ren das <a href=\"https:\/\/www.pureconsultant.de\/de\/beratung\/projektmanagement\/\" data-type=\"page\" data-id=\"2027\">Projektmanagement<\/a> sowie DevOps. Seine Leidenschaft f\u00fcrs Reisen, neue L\u00e4nder und Kulturen kennenzulernen, nutzt er unter anderem auch daf\u00fcr neue Betrachtungsweisen und Inspirationen zu entdecken.<\/p> <\/div><\/div><div class=\"m-contactpersons__mobile\"><a href=\"#\" class=\"m-contactpersons__more m-contactpersons__link m-contactpersons__button--show a-iconlink -blue\">Mehr Informationen<svg class=\"feather\"><use xlink:href=\"\/wp-content\/themes\/pureconsultant\/img\/sprite.svg#arrow-down\"\/><\/svg><\/a><a href=\"#\" class=\"m-contactpersons__more m-contactpersons__link m-contactpersons__button--hide a-iconlink -blue\">Weniger Informationen<svg class=\"feather\"><use xlink:href=\"\/wp-content\/themes\/pureconsultant\/img\/sprite.svg#arrow-up\"\/><\/svg><\/a><\/div><\/div><div class=\"m-contactpersons__item\"><img decoding=\"async\" src=\"https:\/\/www.pureconsultant.de\/wp-content\/uploads\/pureconsultant_Nikolas_Kocher-510x510.jpg\" class=\"m-contactpersons__image\" alt=\"Nikolas Kocher\" width=\"255\" height=\"255\" loading=\"lazy\"><h3 class=\"a-headline--4 m-contactpersons__headline\">Nikolas Kocher<\/h3><small class=\"m-contactpersons__position\">Consultant<\/small><div class=\"m-contactpersons__teaser\"><!-- wp:paragraph -->\n<p>Nikolas ber\u00e4t und unterst\u00fctzt Ihre Mitarbeiter zielgerichtet anhand von seinem umfangreichen Methodenkoffer sowie Best Practices und leistet so einen Wertbeitrag f\u00fcr Ihren Erfolg. Er verbindet prozessorientiertes Wissen mit Aspekten der Arbeits- und Organisationspsychologie, um Potentiale Ihrer Mitarbeiter*innen zu entfalten.<\/p>\n<!-- \/wp:paragraph -->\n\n\n<\/div><div class=\"m-contactpersons__full\"><div class=\"m-block--container u-offset m-block--core--paragraph\"> <p>Zu seinen Spezialthemen geh\u00f6ren <a href=\"https:\/\/www.pureconsultant.de\/de\/beratung\/projektmanagement\/\">Projektmanagement<\/a>, <a href=\"https:\/\/www.pureconsultant.de\/de\/beratung\/change-management\/\" data-type=\"page\" data-id=\"1969\">Change Management<\/a>, <a href=\"https:\/\/www.pureconsultant.de\/de\/beratung\/project-management-office-pmo\/\" data-type=\"page\" data-id=\"3373\">Project Management Office (PMO)<\/a>, <a href=\"https:\/\/www.pureconsultant.de\/de\/wissen\/kanban-was-ist-das\/\" data-type=\"post\" data-id=\"4005\">Kanban<\/a> sowie <a href=\"https:\/\/www.pureconsultant.de\/de\/beratung\/agile-ready\/scrum-master-agile-coach\/\">Scrum<\/a>. Privat ist er begeisterter Teamsportler auf dem Fu\u00dfballplatz und freut sich auf Reisen neue Kulturen kennenzulernen.<\/p> <\/div><\/div><div class=\"m-contactpersons__mobile\"><a href=\"#\" class=\"m-contactpersons__more m-contactpersons__link m-contactpersons__button--show a-iconlink -blue\">Mehr Informationen<svg class=\"feather\"><use xlink:href=\"\/wp-content\/themes\/pureconsultant\/img\/sprite.svg#arrow-down\"\/><\/svg><\/a><a href=\"#\" class=\"m-contactpersons__more m-contactpersons__link m-contactpersons__button--hide a-iconlink -blue\">Weniger Informationen<svg class=\"feather\"><use xlink:href=\"\/wp-content\/themes\/pureconsultant\/img\/sprite.svg#arrow-up\"\/><\/svg><\/a><\/div><\/div><\/div><\/div><\/section>\n<div class=\"m-block--container u-offset m-block--acf--cta\">    <div  class=\"container-fluid d-block u-block m-cta__link\" title=\"Karriere\">    <div class=\"m-cta\">\n\t\t\t<div><img decoding=\"async\" src=\"https:\/\/www.pureconsultant.de\/wp-content\/uploads\/theo-staschewski-256x256.jpg\" width=\"128\" height=\"128\" alt=\"Scrum Master und Agile Coach - Theo Staschewski\" class=\"m-cta__image\" loading=\"lazy\"><\/div><div><h2 class=\"a-headline--4 m-cta__headline\">Interesse Teil des Teams von PURE Consultant zu werden?<\/h2><div class=\"m-cta__text\">Wir suchen Menschen mit Neugierde, Wissensdurst oder einfach Pers\u00f6nlichkeiten, die unser Team bereichern. Lust gemeinsam mit uns etwas zu bewegen?<\/div><\/div>        <a href=\"https:\/\/www.pureconsultant.de\/de\/karriere\/\" class=\"a-button -blue -sm m-cta__more\">Mehr erfahren<\/a>\n    <\/div>\n\t<\/div><\/div><div class=\"m-block--container u-offset m-block--acf--icon--teaser\">\t<section class=\"m-iconteaser u-block -items4\">\r\n\t\t<div class=\"container-fluid\">\r\n\t\t\t<h2 class=\"a-headline--2\">Das lieben Kunden an uns<\/h2><div class=\"m-iconteaser__row\"><div class=\"m-iconteaser__teaser\"><h4 class=\"a-headline--4 -icon -default\"><svg class=\"feather\"><use xlink:href=\"\/wp-content\/themes\/pureconsultant\/img\/sprite.svg#compass\"\/><\/svg> <br>Strategie<\/h4><p class=\"m-iconteaser__text\">Die von uns ausgearbeiteten Strategien basieren auf etablierten Methoden, sodass die Umsetzung leicht zu managen ist.<\/p><\/div><div class=\"m-iconteaser__teaser\"><h4 class=\"a-headline--4 -icon -default\"><svg class=\"feather\"><use xlink:href=\"\/wp-content\/themes\/pureconsultant\/img\/sprite.svg#check-square\"\/><\/svg> <br>Tugend<\/h4><p class=\"m-iconteaser__text\">Hohe Umsetzungssicherheit und P\u00fcnktlichkeit bilden das Fundament unserer Beratungst\u00e4tigkeit.<\/p><\/div><div class=\"m-iconteaser__teaser\"><h4 class=\"a-headline--4 -icon -default\"><svg class=\"feather\"><use xlink:href=\"\/wp-content\/themes\/pureconsultant\/img\/sprite.svg#clock\"\/><\/svg> <br>Erfahrung<\/h4><p class=\"m-iconteaser__text\">Unsere langj\u00e4hrige Erfahrung aus unterschiedlichen Branchen macht uns zu idealen Beratungs-Partnern.<\/p><\/div><div class=\"m-iconteaser__teaser\"><h4 class=\"a-headline--4 -icon -default\"><svg class=\"feather\"><use xlink:href=\"\/wp-content\/themes\/pureconsultant\/img\/sprite.svg#globe\"\/><\/svg> <br>Netzwerk<\/h4><p class=\"m-iconteaser__text\">Ein nationales und internationales Netzwerk aus bew\u00e4hrten Expert*innen unterst\u00fctzt uns bei der Erreichung Ihrer Ziele.<\/p><\/div><\/div>\t\t<\/div>\r\n\t<\/section>\r\n<\/div>","protected":false},"excerpt":{"rendered":"<p>\u00dcber PURE Consultant Consulting aus K\u00f6ln \u2013 f\u00fcr ganz Deutschland: das ist PURE Consultant. Wir sind eine moderne Management- und Technologieberatung mit einem 360 Grad Blick auf Ihr Unternehmen. Unser Team aus Consulting-Expert*innen entwickelt Ma\u00dfnahmen und Ans\u00e4tze, die lokal bis global nachhaltige Wirkung und Mehrwert erzielen. Wir verbinden Analyse, Strategie, Managementberatung, Trainings f\u00fcr agile Methoden [&hellip;]<\/p>\n","protected":false},"author":5,"featured_media":565,"parent":0,"menu_order":0,"comment_status":"closed","ping_status":"closed","template":"","meta":{"_acf_changed":false,"inline_featured_image":false,"footnotes":""},"class_list":["post-9","page","type-page","status-publish","has-post-thumbnail","hentry"],"acf":[],"yoast_head":"<!-- This site is optimized with the Yoast SEO plugin v27.4 - https:\/\/yoast.com\/product\/yoast-seo-wordpress\/ -->\n<title>\u00dcber uns - PURE Consultant<\/title>\n<meta name=\"description\" content=\"Consulting aus K\u00f6ln \u2013 f\u00fcr ganz Deutschland: PURE Consultant. Wir sind eine moderne Management- und Technologieberatung. \u279c Jetzt mehr erfahren\" \/>\n<meta name=\"robots\" content=\"index, follow, max-snippet:-1, max-image-preview:large, max-video-preview:-1\" \/>\n<link rel=\"canonical\" href=\"https:\/\/www.pureconsultant.de\/de\/ueber-uns\/\" \/>\n<meta property=\"og:locale\" content=\"de_DE\" \/>\n<meta property=\"og:type\" content=\"article\" \/>\n<meta property=\"og:title\" content=\"\u00dcber uns - PURE Consultant\" \/>\n<meta property=\"og:description\" content=\"Consulting aus K\u00f6ln \u2013 f\u00fcr ganz Deutschland: PURE Consultant. Wir sind eine moderne Management- und Technologieberatung. \u279c Jetzt mehr erfahren\" \/>\n<meta property=\"og:url\" content=\"https:\/\/www.pureconsultant.de\/de\/ueber-uns\/\" \/>\n<meta property=\"og:site_name\" content=\"PURE Consultant\" \/>\n<meta property=\"article:modified_time\" content=\"2026-01-05T09:38:48+00:00\" \/>\n<meta property=\"og:image\" content=\"https:\/\/www.pureconsultant.de\/wp-content\/uploads\/pure-consultant-ueber-uns-scaled.jpg\" \/>\n\t<meta property=\"og:image:width\" content=\"2560\" \/>\n\t<meta property=\"og:image:height\" content=\"1707\" \/>\n\t<meta property=\"og:image:type\" content=\"image\/jpeg\" \/>\n<meta name=\"twitter:card\" content=\"summary_large_image\" \/>\n<meta name=\"twitter:label1\" content=\"Gesch\u00e4tzte Lesezeit\" \/>\n\t<meta name=\"twitter:data1\" content=\"1\u00a0Minute\" \/>\n<script type=\"application\/ld+json\" class=\"yoast-schema-graph\">{\"@context\":\"https:\\\/\\\/schema.org\",\"@graph\":[{\"@type\":[\"WebPage\",\"AboutPage\"],\"@id\":\"https:\\\/\\\/www.pureconsultant.de\\\/de\\\/ueber-uns\\\/\",\"url\":\"https:\\\/\\\/www.pureconsultant.de\\\/de\\\/ueber-uns\\\/\",\"name\":\"\u00dcber uns - PURE Consultant\",\"isPartOf\":{\"@id\":\"https:\\\/\\\/www.pureconsultant.de\\\/#website\"},\"primaryImageOfPage\":{\"@id\":\"https:\\\/\\\/www.pureconsultant.de\\\/de\\\/ueber-uns\\\/#primaryimage\"},\"image\":{\"@id\":\"https:\\\/\\\/www.pureconsultant.de\\\/de\\\/ueber-uns\\\/#primaryimage\"},\"thumbnailUrl\":\"https:\\\/\\\/www.pureconsultant.de\\\/wp-content\\\/uploads\\\/pure-consultant-ueber-uns-scaled.jpg\",\"datePublished\":\"2020-05-26T11:27:12+00:00\",\"dateModified\":\"2026-01-05T09:38:48+00:00\",\"description\":\"Consulting aus K\u00f6ln \u2013 f\u00fcr ganz Deutschland: PURE Consultant. Wir sind eine moderne Management- und Technologieberatung. \u279c Jetzt mehr erfahren\",\"breadcrumb\":{\"@id\":\"https:\\\/\\\/www.pureconsultant.de\\\/de\\\/ueber-uns\\\/#breadcrumb\"},\"inLanguage\":\"de\",\"potentialAction\":[{\"@type\":\"ReadAction\",\"target\":[\"https:\\\/\\\/www.pureconsultant.de\\\/de\\\/ueber-uns\\\/\"]}]},{\"@type\":\"ImageObject\",\"inLanguage\":\"de\",\"@id\":\"https:\\\/\\\/www.pureconsultant.de\\\/de\\\/ueber-uns\\\/#primaryimage\",\"url\":\"https:\\\/\\\/www.pureconsultant.de\\\/wp-content\\\/uploads\\\/pure-consultant-ueber-uns-scaled.jpg\",\"contentUrl\":\"https:\\\/\\\/www.pureconsultant.de\\\/wp-content\\\/uploads\\\/pure-consultant-ueber-uns-scaled.jpg\",\"width\":2560,\"height\":1707,\"caption\":\"PURE Consultant - \u00dcber uns\"},{\"@type\":\"BreadcrumbList\",\"@id\":\"https:\\\/\\\/www.pureconsultant.de\\\/de\\\/ueber-uns\\\/#breadcrumb\",\"itemListElement\":[{\"@type\":\"ListItem\",\"position\":1,\"name\":\"Startseite\",\"item\":\"https:\\\/\\\/www.pureconsultant.de\\\/de\\\/\"},{\"@type\":\"ListItem\",\"position\":2,\"name\":\"\u00dcber uns\"}]},{\"@type\":\"WebSite\",\"@id\":\"https:\\\/\\\/www.pureconsultant.de\\\/#website\",\"url\":\"https:\\\/\\\/www.pureconsultant.de\\\/\",\"name\":\"PURE Consultant\",\"description\":\"Scrum, PMO, Projektmanagement &amp; Prozessmanagement aus K\u00f6ln\",\"potentialAction\":[{\"@type\":\"SearchAction\",\"target\":{\"@type\":\"EntryPoint\",\"urlTemplate\":\"https:\\\/\\\/www.pureconsultant.de\\\/?s={search_term_string}\"},\"query-input\":{\"@type\":\"PropertyValueSpecification\",\"valueRequired\":true,\"valueName\":\"search_term_string\"}}],\"inLanguage\":\"de\"}]}<\/script>\n<!-- \/ Yoast SEO plugin. -->","yoast_head_json":{"title":"\u00dcber uns - PURE Consultant","description":"Consulting aus K\u00f6ln \u2013 f\u00fcr ganz Deutschland: PURE Consultant. Wir sind eine moderne Management- und Technologieberatung. \u279c Jetzt mehr erfahren","robots":{"index":"index","follow":"follow","max-snippet":"max-snippet:-1","max-image-preview":"max-image-preview:large","max-video-preview":"max-video-preview:-1"},"canonical":"https:\/\/www.pureconsultant.de\/de\/ueber-uns\/","og_locale":"de_DE","og_type":"article","og_title":"\u00dcber uns - PURE Consultant","og_description":"Consulting aus K\u00f6ln \u2013 f\u00fcr ganz Deutschland: PURE Consultant. Wir sind eine moderne Management- und Technologieberatung. \u279c Jetzt mehr erfahren","og_url":"https:\/\/www.pureconsultant.de\/de\/ueber-uns\/","og_site_name":"PURE Consultant","article_modified_time":"2026-01-05T09:38:48+00:00","og_image":[{"width":2560,"height":1707,"url":"https:\/\/www.pureconsultant.de\/wp-content\/uploads\/pure-consultant-ueber-uns-scaled.jpg","type":"image\/jpeg"}],"twitter_card":"summary_large_image","twitter_misc":{"Gesch\u00e4tzte Lesezeit":"1\u00a0Minute"},"schema":{"@context":"https:\/\/schema.org","@graph":[{"@type":["WebPage","AboutPage"],"@id":"https:\/\/www.pureconsultant.de\/de\/ueber-uns\/","url":"https:\/\/www.pureconsultant.de\/de\/ueber-uns\/","name":"\u00dcber uns - PURE Consultant","isPartOf":{"@id":"https:\/\/www.pureconsultant.de\/#website"},"primaryImageOfPage":{"@id":"https:\/\/www.pureconsultant.de\/de\/ueber-uns\/#primaryimage"},"image":{"@id":"https:\/\/www.pureconsultant.de\/de\/ueber-uns\/#primaryimage"},"thumbnailUrl":"https:\/\/www.pureconsultant.de\/wp-content\/uploads\/pure-consultant-ueber-uns-scaled.jpg","datePublished":"2020-05-26T11:27:12+00:00","dateModified":"2026-01-05T09:38:48+00:00","description":"Consulting aus K\u00f6ln \u2013 f\u00fcr ganz Deutschland: PURE Consultant. Wir sind eine moderne Management- und Technologieberatung. \u279c Jetzt mehr erfahren","breadcrumb":{"@id":"https:\/\/www.pureconsultant.de\/de\/ueber-uns\/#breadcrumb"},"inLanguage":"de","potentialAction":[{"@type":"ReadAction","target":["https:\/\/www.pureconsultant.de\/de\/ueber-uns\/"]}]},{"@type":"ImageObject","inLanguage":"de","@id":"https:\/\/www.pureconsultant.de\/de\/ueber-uns\/#primaryimage","url":"https:\/\/www.pureconsultant.de\/wp-content\/uploads\/pure-consultant-ueber-uns-scaled.jpg","contentUrl":"https:\/\/www.pureconsultant.de\/wp-content\/uploads\/pure-consultant-ueber-uns-scaled.jpg","width":2560,"height":1707,"caption":"PURE Consultant - \u00dcber uns"},{"@type":"BreadcrumbList","@id":"https:\/\/www.pureconsultant.de\/de\/ueber-uns\/#breadcrumb","itemListElement":[{"@type":"ListItem","position":1,"name":"Startseite","item":"https:\/\/www.pureconsultant.de\/de\/"},{"@type":"ListItem","position":2,"name":"\u00dcber uns"}]},{"@type":"WebSite","@id":"https:\/\/www.pureconsultant.de\/#website","url":"https:\/\/www.pureconsultant.de\/","name":"PURE Consultant","description":"Scrum, PMO, Projektmanagement &amp; Prozessmanagement aus K\u00f6ln","potentialAction":[{"@type":"SearchAction","target":{"@type":"EntryPoint","urlTemplate":"https:\/\/www.pureconsultant.de\/?s={search_term_string}"},"query-input":{"@type":"PropertyValueSpecification","valueRequired":true,"valueName":"search_term_string"}}],"inLanguage":"de"}]}},"_links":{"self":[{"href":"https:\/\/www.pureconsultant.de\/de\/wp-json\/wp\/v2\/pages\/9","targetHints":{"allow":["GET"]}}],"collection":[{"href":"https:\/\/www.pureconsultant.de\/de\/wp-json\/wp\/v2\/pages"}],"about":[{"href":"https:\/\/www.pureconsultant.de\/de\/wp-json\/wp\/v2\/types\/page"}],"author":[{"embeddable":true,"href":"https:\/\/www.pureconsultant.de\/de\/wp-json\/wp\/v2\/users\/5"}],"replies":[{"embeddable":true,"href":"https:\/\/www.pureconsultant.de\/de\/wp-json\/wp\/v2\/comments?post=9"}],"version-history":[{"count":5,"href":"https:\/\/www.pureconsultant.de\/de\/wp-json\/wp\/v2\/pages\/9\/revisions"}],"predecessor-version":[{"id":26125,"href":"https:\/\/www.pureconsultant.de\/de\/wp-json\/wp\/v2\/pages\/9\/revisions\/26125"}],"wp:featuredmedia":[{"embeddable":true,"href":"https:\/\/www.pureconsultant.de\/de\/wp-json\/wp\/v2\/media\/565"}],"wp:attachment":[{"href":"https:\/\/www.pureconsultant.de\/de\/wp-json\/wp\/v2\/media?parent=9"}],"curies":[{"name":"wp","href":"https:\/\/api.w.org\/{rel}","templated":true}]}}