{"id":400,"date":"2020-07-10T10:24:07","date_gmt":"2020-07-10T08:24:07","guid":{"rendered":"http:\/\/wp13553840.server-he.de\/?page_id=400"},"modified":"2024-06-05T09:03:53","modified_gmt":"2024-06-05T07:03:53","slug":"coaching","status":"publish","type":"page","link":"https:\/\/www.pureconsultant.de\/de\/beratung\/coaching\/","title":{"rendered":"Coaching"},"content":{"rendered":"<div class=\"m-block--container u-offset m-block--core--heading\">\n<h2 class=\"wp-block-heading\" id=\"h-coaching-personliche-entwicklung-fur-den-projekterfolg\">Coaching \u2013 pers\u00f6nliche Entwicklung f\u00fcr den Projekterfolg<\/h2>\n<\/div><div class=\"m-block--container u-offset m-block--core--media-text\">\n<div class=\"wp-block-media-text alignwide is-stacked-on-mobile\"><figure class=\"wp-block-media-text__media\"><img loading=\"lazy\" decoding=\"async\" width=\"2560\" height=\"1707\" src=\"https:\/\/www.pureconsultant.de\/wp-content\/uploads\/Coaching_01-1-scaled.jpeg\" alt=\"\" class=\"wp-image-3608 size-full\" srcset=\"https:\/\/www.pureconsultant.de\/wp-content\/uploads\/Coaching_01-1-scaled.jpeg 2560w, https:\/\/www.pureconsultant.de\/wp-content\/uploads\/Coaching_01-1-768x512.jpeg 768w, https:\/\/www.pureconsultant.de\/wp-content\/uploads\/Coaching_01-1-1536x1024.jpeg 1536w, https:\/\/www.pureconsultant.de\/wp-content\/uploads\/Coaching_01-1-2048x1365.jpeg 2048w, https:\/\/www.pureconsultant.de\/wp-content\/uploads\/Coaching_01-1-60x40.jpeg 60w, https:\/\/www.pureconsultant.de\/wp-content\/uploads\/Coaching_01-1-445x297.jpeg 445w\" sizes=\"auto, (max-width: 2560px) 100vw, 2560px\" \/><\/figure><div class=\"wp-block-media-text__content\"><div class=\"m-block--container u-offset m-block--core--paragraph\">\n<p><strong>Coaching<\/strong>: Als Unternehmensberatung haben wir uns dem Programm-, Projekt- und Prozessmanagement verschrieben. Wir beraten unsere Kund*innen bei gro\u00dfen und kleineren Ver\u00e4nderungsprozessen. Bei Projekten, die einzelne Gesch\u00e4ftsprozesse schlanker machen genauso wie bei denjenigen Projekt-Schwergewichten, die eine Neuausrichtung des gesamten Unternehmens bedeuten. Wir erfahren Tag f\u00fcr Tag, was Ver\u00e4nderung bedeutet. Und wir sehen, welche Skills die fachlich meist hochkar\u00e4tigen Verantwortlichen entwickeln m\u00fcssen, damit sie die Initiativen, Projekte und Programme erfolgreich und zielkonform leiten k\u00f6nnen.<\/p>\n<\/div><\/div><\/div>\n<\/div><div class=\"m-block--container u-offset m-block--core--paragraph\">\n<p>Diesen gro\u00dfen Erfahrungsschatz im Ver\u00e4nderungsmanagement bringen wir ein, um Sie als Projektleiter*in oder Programmverantwortlichen mit unserem Projekt Coaching zu unterst\u00fctzen. Zum Beispiel, wenn Sie neu in der Leitungs- oder Managementfunktion sind. Oder, wenn Sie als Projektmanager*in eine*n vertrauensvolle*n Sparringspartner*in suchen, um ihr bisheriges Verhalten zu reflektieren und f\u00fcr sich Handlungsalternativen zu erschlie\u00dfen. Allgemein gesagt: Das Ziel unserer Arbeit mit den Klienten ist, dass sie<\/p>\n<\/div><div class=\"m-block--container u-offset m-block--acf--icon--teaser--v2\">    <section class=\"m-iconteaser u-block -items3\">\n        <div class=\"container-fluid\">\n            <h2 class=\"a-headline--2\">Unser Coaching &#8211; Ansatz f\u00fcr Ihren Erfolg<\/h2><div class=\"m-iconteaser__row\"><div class=\"m-iconteaser__teaser\"><h4 class=\"a-headline--4 -icon -default\"><img decoding=\"async\" src=\"https:\/\/www.pureconsultant.de\/wp-content\/uploads\/Beobachtung_Pure.svg\" class=\"m-iconteaser__svg\" alt=\"Ist-Analyse\"> <br>Ist-Analyse<\/h4><p class=\"m-iconteaser__text\">Unter der Anleitung und Spiegelung durch unsere Coaching-Spezialisten analysieren und reflektieren wir gemeinsam den aktuellen IST-Zustand.<\/p><\/div><div class=\"m-iconteaser__teaser\"><h4 class=\"a-headline--4 -icon -default\"><img decoding=\"async\" src=\"https:\/\/www.pureconsultant.de\/wp-content\/uploads\/Unterstuetzung_Pure.svg\" class=\"m-iconteaser__svg\" alt=\"Exploration\"> <br>Exploration<\/h4><p class=\"m-iconteaser__text\">Mit unseren Coaching-Tools explorieren wir Ihre verborgenen F\u00e4higkeiten und entdecken ungenutzte Ressourcen und Potentiale.<\/p><\/div><div class=\"m-iconteaser__teaser\"><h4 class=\"a-headline--4 -icon -default\"><img decoding=\"async\" src=\"https:\/\/www.pureconsultant.de\/wp-content\/uploads\/Umsetzung_Pure.svg\" class=\"m-iconteaser__svg\" alt=\"Verhaltens\u00e4nderung\"> <br>Verhaltens\u00e4nderung<\/h4><p class=\"m-iconteaser__text\">Sie erlernen funktionale Verhaltensweisen zu entwickeln und dysfunktionale Verhaltensweisen zu vermeiden, um zuk\u00fcnftige Herausforderungen ressourcenorientiert zu meistern.<\/p><\/div><\/div>        <\/div>\n    <\/section>\n<\/div><div class=\"m-block--container u-offset m-block--core--heading\">\n<h2 class=\"wp-block-heading\" id=\"h-situation-in-den-unternehmen-vor-dem-coaching\">Situation in den Unternehmen vor dem Coaching<\/h2>\n<\/div><div class=\"m-block--container u-offset m-block--core--paragraph\">\n<p>Das ist aufgrund der besonderen Situation von Projektmanagern*innen in vielen F\u00e4llen auch bitter n\u00f6tig. Projektleiter*innen und Programmverantwortliche in den Unternehmen werden oft mit T\u00e4tigkeiten konfrontiert, f\u00fcr die ihnen schlicht die Erfahrung und Qualifikation fehlen. Oft gerade wegen ihrer Fachqualifikation und Leistung zum\/zur Projektleiter*in ernannt, m\u00fcssen sie von einem Tag auf den anderen die Ihnen vertraute Fach- und Sachebene verlassen. Stattdessen investieren die frisch ernannten Projektleiter*innen oder Change Manager*innen ihre kostbare Zeit zu einem gro\u00dfen Teil in fachfremden T\u00e4tigkeiten. <\/p>\n<\/div><div class=\"m-block--container u-offset m-block--core--paragraph\">\n<p>Was geh\u00f6rt dazu? Zum Beispiel Kommunikation mit den Teammitgliedern, Einholen von Feedback, Schlichten von Konflikten, Einfordern von vereinbarter Leistung, Zuteilung von Rollen an die einzelnen Teammitglieder, die Vertretung des Projektteams nach Au\u00dfen und vor allem dem Top-Management gegen\u00fcber, Verhandlungen um erforderliche personelle, zeitliche wie finanzielle Ressourcen etc. In vielen F\u00e4llen m\u00fcssen sie dies leisten, ohne dass ihnen eine explizite Durchsetzungsbefugnis erteilt wurde. Das hei\u00dft, sie sind gezwungen, dort zu moderieren, wo sie gern entscheiden w\u00fcrden. Und sie m\u00fcssen viel wagen, ohne formal innerhalb ihrer eigenen Organisation die notwendigen Befugnisse zu besitzen.<\/p>\n<\/div><div class=\"m-block--container u-offset m-block--core--heading\">\n<h2 class=\"wp-block-heading\" id=\"h-personliches-coaching-fur-effektiveres-projektmanagement\">Pers\u00f6nliches Coaching f\u00fcr effektiveres Projektmanagement<\/h2>\n<\/div><div class=\"m-block--container u-offset m-block--core--image\">\n<figure class=\"wp-block-image size-large\"><img decoding=\"async\" src=\"https:\/\/www.pureconsultant.de\/wp-content\/uploads\/Pure_Coaching_Prozess.svg\" alt=\"Coaching Prozess\" class=\"wp-image-3610\"\/><\/figure>\n<\/div><div class=\"m-block--container u-offset m-block--core--paragraph\">\n<p>Mit unserem pers\u00f6nlichen Coaching stehen wir von PURE Consultant als Ihr Ansprechpartner und pers\u00f6nlicher Coach bereit, der sowohl die Methodik des Projekt Coachings beherrscht als auch mit dem operativen Gesch\u00e4ft bestens vertraut ist. Oft werden wir als Beratung beauftragt. Dennoch verstehen wir uns nicht als diejenigen, die mit ihrem Rat die Schwierigkeiten unseres Klienten l\u00f6sen. Im Gegenteil. Wir sind dazu da, besonders herausfordernde Situationen im oder mit dem Team gemeinsam mit dem\/der Projektmanager*in zu analysieren und zu &#8216;bearbeiten&#8217;. Statt schnelle L\u00f6sungen zu liefern, stellen wir zuerst eine Menge Fragen und lassen die Coachees unter unserer Anleitung die Antworten selbst finden. Bei verfahrenen Situationen oder Konflikten gelingt dies besonders gut. Trotz der Skepsis, die anf\u00e4nglich bei den Coachees nicht selten vorgeherrscht hat.<\/p>\n<\/div><div class=\"m-block--container u-offset m-block--core--paragraph\">\n<p>Wenn Projekte scheitern, liegt es oft an mangelnden psychologischen Skills seitens der Projektleiter oder Programmverantwortlichen. Unsere Aufgabe sehen wir von daher in der Hilfestellung f\u00fcr unsere Klient*innen, die es ihnen erm\u00f6glicht, von ihrer Kompetenz auf der Sachebene zur Kompetenz auf der Beziehungsebene zu wechseln.<\/p>\n<\/div><div class=\"m-block--container u-offset m-block--core--heading\">\n<h2 class=\"wp-block-heading\" id=\"h-wann-ist-ein-coaching-angebracht\">Wann ist ein Coaching angebracht<\/h2>\n<\/div><div class=\"m-block--container u-offset m-block--core--paragraph\">\n<p>Pers\u00f6nliche Ver\u00e4nderungsarbeit ist immer dann angezeigt, wenn Sie in Ihrer Rolle als <strong><a href=\"https:\/\/www.pureconsultant.de\/de\/projektmanagement\/projektmanager-aufgaben\/\">Projektmanager*in<\/a><\/strong> oder Change Manager*in das Gef\u00fchl haben, dass Sie mit Ihrem bisherigen Verhaltensrepertoire an ihre pers\u00f6nlichen Grenzen sto\u00dfen. Es gibt auch keinen richtigen oder falschen Zeitpunkt. So kann es sein, dass Sie schon vor dem Start eines Projektes neue Soft Skills erwerben wollen. Schlie\u00dflich wissen Sie, wie wichtig ein gelungener Start eines Vorhabens f\u00fcr dessen weiteren Verlauf ist. Die Hilfestellung durch einen externen Coach kann auch dann angezeigt sein, wenn Sie mitten im Projekt oder Programm pl\u00f6tzlich auf der Stelle treten. Wenn Sie zum Beispiel merken, dass Ihnen das Team entgleitet und \u2013 sofern Sie Ihr bisheriges Verhalten beibehalten \u2013 die Ziele wom\u00f6glich nicht mehr eingehalten werden k\u00f6nnen.<\/p>\n<\/div><div class=\"m-block--container u-offset m-block--core--heading\">\n<h2 class=\"wp-block-heading\" id=\"h-coaching-durch-pure-consultants\">Coaching durch PURE Consultant<\/h2>\n<\/div><div class=\"m-block--container u-offset m-block--core--media-text\">\n<div class=\"wp-block-media-text alignwide has-media-on-the-right is-stacked-on-mobile\"><div class=\"wp-block-media-text__content\"><div class=\"m-block--container u-offset m-block--core--paragraph\">\n<p>Da wir alle Projektphasen aus eigener Erfahrung kennen, k\u00f6nnen wir Sie in Ihrer Rolle als Projekt- oder Programmverantwortlicher in jedem Abschnitt eines Vorhabens unterst\u00fctzen und st\u00e4rken. Unsere Berater*innen bringen nicht nur Coaching-Methodenkenntnis mit. Operativ erfahren kennen sie die spezifischen Anforderungen an F\u00fchrungsverhalten, die mit der Leitung von Projekten einhergehen.<\/p>\n<\/div>\n\n<div class=\"m-block--container u-offset m-block--core--paragraph\">\n<p>Handeln Sie rechtzeitig. Wollen auch Sie Ihre Situation reflektieren und neue F\u00e4higkeiten auf der Verhaltens- und Beziehungsebene erwerben, sprechen Sie uns an. Wir freuen uns auf das Gespr\u00e4ch. <\/p>\n<\/div><\/div><figure class=\"wp-block-media-text__media\"><img loading=\"lazy\" decoding=\"async\" width=\"2560\" height=\"1707\" src=\"https:\/\/www.pureconsultant.de\/wp-content\/uploads\/business-coaching-koeln.jpg\" alt=\"Business Coaching K\u00f6ln\" class=\"wp-image-1068 size-full\" srcset=\"https:\/\/www.pureconsultant.de\/wp-content\/uploads\/business-coaching-koeln.jpg 2560w, https:\/\/www.pureconsultant.de\/wp-content\/uploads\/business-coaching-koeln-768x512.jpg 768w, https:\/\/www.pureconsultant.de\/wp-content\/uploads\/business-coaching-koeln-1536x1024.jpg 1536w, https:\/\/www.pureconsultant.de\/wp-content\/uploads\/business-coaching-koeln-2048x1366.jpg 2048w, https:\/\/www.pureconsultant.de\/wp-content\/uploads\/business-coaching-koeln-60x40.jpg 60w, https:\/\/www.pureconsultant.de\/wp-content\/uploads\/business-coaching-koeln-445x297.jpg 445w\" sizes=\"auto, (max-width: 2560px) 100vw, 2560px\" \/><\/figure><\/div>\n<\/div><div class=\"m-block--container u-offset m-block--acf--cta\">    <div  class=\"container-fluid d-block u-block m-cta__link\" title=\"Kontakt\">    <div class=\"m-cta\">\n\t\t\t<div><img decoding=\"async\" src=\"https:\/\/www.pureconsultant.de\/wp-content\/uploads\/theo-staschewski-256x256.jpg\" width=\"128\" height=\"128\" alt=\"Scrum Master und Agile Coach - Theo Staschewski\" class=\"m-cta__image\" loading=\"lazy\"><\/div><div><h2 class=\"a-headline--4 m-cta__headline\">Pers\u00f6nliches Coaching anfragen<\/h2><div class=\"m-cta__text\">Stellen Sie jetzt eine unverbindliche Anfrage f\u00fcr ein Business Coaching. Unsere erfahrenen Coaches erstellen Ihnen ein individuell angefertiges Angebot.<\/div><\/div>        <a href=\"https:\/\/www.pureconsultant.de\/de\/kontakt\/\" class=\"a-button -blue -sm m-cta__more\">Coaching anfragen<\/a>\n    <\/div>\n\t<\/div><\/div>","protected":false},"excerpt":{"rendered":"<p>Coaching \u2013 pers\u00f6nliche Entwicklung f\u00fcr den Projekterfolg Coaching: Als Unternehmensberatung haben wir uns dem Programm-, Projekt- und Prozessmanagement verschrieben. Wir beraten unsere Kund*innen bei gro\u00dfen und kleineren Ver\u00e4nderungsprozessen. Bei Projekten, die einzelne Gesch\u00e4ftsprozesse schlanker machen genauso wie bei denjenigen Projekt-Schwergewichten, die eine Neuausrichtung des gesamten Unternehmens bedeuten. Wir erfahren Tag f\u00fcr Tag, was Ver\u00e4nderung bedeutet. [&hellip;]<\/p>\n","protected":false},"author":5,"featured_media":645,"parent":216,"menu_order":0,"comment_status":"closed","ping_status":"closed","template":"","meta":{"_acf_changed":false,"inline_featured_image":false,"footnotes":""},"class_list":["post-400","page","type-page","status-publish","has-post-thumbnail","hentry"],"acf":[],"yoast_head":"<!-- This site is optimized with the Yoast SEO plugin v27.4 - https:\/\/yoast.com\/product\/yoast-seo-wordpress\/ -->\n<title>Coaching - Business Coaching - PURE Consultant<\/title>\n<meta name=\"description\" content=\"Coaching: Business Coaching \ud83e\udd47 \u2713 erfahrene Coaches \u2713 Einzel-Coachings \u279c Jetzt ein individuelles Angebot anfordern\" \/>\n<meta name=\"robots\" content=\"index, follow, max-snippet:-1, max-image-preview:large, max-video-preview:-1\" \/>\n<link rel=\"canonical\" href=\"https:\/\/www.pureconsultant.de\/de\/beratung\/coaching\/\" \/>\n<meta property=\"og:locale\" content=\"de_DE\" \/>\n<meta property=\"og:type\" content=\"article\" \/>\n<meta property=\"og:title\" content=\"Coaching - Business Coaching - PURE Consultant\" \/>\n<meta property=\"og:description\" content=\"Coaching: Business Coaching \ud83e\udd47 \u2713 erfahrene Coaches \u2713 Einzel-Coachings \u279c Jetzt ein individuelles Angebot anfordern\" \/>\n<meta property=\"og:url\" content=\"https:\/\/www.pureconsultant.de\/de\/beratung\/coaching\/\" \/>\n<meta property=\"og:site_name\" content=\"PURE Consultant\" \/>\n<meta property=\"article:modified_time\" content=\"2024-06-05T07:03:53+00:00\" \/>\n<meta property=\"og:image\" content=\"https:\/\/www.pureconsultant.de\/wp-content\/uploads\/coaching-agile-methoden-koeln.jpg\" \/>\n\t<meta property=\"og:image:width\" content=\"2560\" \/>\n\t<meta property=\"og:image:height\" content=\"1707\" \/>\n\t<meta property=\"og:image:type\" content=\"image\/jpeg\" \/>\n<meta name=\"twitter:card\" content=\"summary_large_image\" \/>\n<meta name=\"twitter:label1\" content=\"Gesch\u00e4tzte Lesezeit\" \/>\n\t<meta name=\"twitter:data1\" content=\"5\u00a0Minuten\" \/>\n<script type=\"application\/ld+json\" class=\"yoast-schema-graph\">{\"@context\":\"https:\\\/\\\/schema.org\",\"@graph\":[{\"@type\":\"WebPage\",\"@id\":\"https:\\\/\\\/www.pureconsultant.de\\\/de\\\/beratung\\\/coaching\\\/\",\"url\":\"https:\\\/\\\/www.pureconsultant.de\\\/de\\\/beratung\\\/coaching\\\/\",\"name\":\"Coaching - Business Coaching - PURE Consultant\",\"isPartOf\":{\"@id\":\"https:\\\/\\\/www.pureconsultant.de\\\/#website\"},\"primaryImageOfPage\":{\"@id\":\"https:\\\/\\\/www.pureconsultant.de\\\/de\\\/beratung\\\/coaching\\\/#primaryimage\"},\"image\":{\"@id\":\"https:\\\/\\\/www.pureconsultant.de\\\/de\\\/beratung\\\/coaching\\\/#primaryimage\"},\"thumbnailUrl\":\"https:\\\/\\\/www.pureconsultant.de\\\/wp-content\\\/uploads\\\/coaching-agile-methoden-koeln.jpg\",\"datePublished\":\"2020-07-10T08:24:07+00:00\",\"dateModified\":\"2024-06-05T07:03:53+00:00\",\"description\":\"Coaching: Business Coaching \ud83e\udd47 \u2713 erfahrene Coaches \u2713 Einzel-Coachings \u279c Jetzt ein individuelles Angebot anfordern\",\"breadcrumb\":{\"@id\":\"https:\\\/\\\/www.pureconsultant.de\\\/de\\\/beratung\\\/coaching\\\/#breadcrumb\"},\"inLanguage\":\"de\",\"potentialAction\":[{\"@type\":\"ReadAction\",\"target\":[\"https:\\\/\\\/www.pureconsultant.de\\\/de\\\/beratung\\\/coaching\\\/\"]}]},{\"@type\":\"ImageObject\",\"inLanguage\":\"de\",\"@id\":\"https:\\\/\\\/www.pureconsultant.de\\\/de\\\/beratung\\\/coaching\\\/#primaryimage\",\"url\":\"https:\\\/\\\/www.pureconsultant.de\\\/wp-content\\\/uploads\\\/coaching-agile-methoden-koeln.jpg\",\"contentUrl\":\"https:\\\/\\\/www.pureconsultant.de\\\/wp-content\\\/uploads\\\/coaching-agile-methoden-koeln.jpg\",\"width\":2560,\"height\":1707,\"caption\":\"Business Coaching K\u00f6ln\"},{\"@type\":\"BreadcrumbList\",\"@id\":\"https:\\\/\\\/www.pureconsultant.de\\\/de\\\/beratung\\\/coaching\\\/#breadcrumb\",\"itemListElement\":[{\"@type\":\"ListItem\",\"position\":1,\"name\":\"Startseite\",\"item\":\"https:\\\/\\\/www.pureconsultant.de\\\/de\\\/\"},{\"@type\":\"ListItem\",\"position\":2,\"name\":\"Beratung\",\"item\":\"https:\\\/\\\/www.pureconsultant.de\\\/de\\\/beratung\\\/\"},{\"@type\":\"ListItem\",\"position\":3,\"name\":\"Coaching\"}]},{\"@type\":\"WebSite\",\"@id\":\"https:\\\/\\\/www.pureconsultant.de\\\/#website\",\"url\":\"https:\\\/\\\/www.pureconsultant.de\\\/\",\"name\":\"PURE Consultant\",\"description\":\"Scrum, PMO, Projektmanagement &amp; Prozessmanagement aus K\u00f6ln\",\"potentialAction\":[{\"@type\":\"SearchAction\",\"target\":{\"@type\":\"EntryPoint\",\"urlTemplate\":\"https:\\\/\\\/www.pureconsultant.de\\\/?s={search_term_string}\"},\"query-input\":{\"@type\":\"PropertyValueSpecification\",\"valueRequired\":true,\"valueName\":\"search_term_string\"}}],\"inLanguage\":\"de\"}]}<\/script>\n<!-- \/ Yoast SEO plugin. -->","yoast_head_json":{"title":"Coaching - Business Coaching - PURE Consultant","description":"Coaching: Business Coaching \ud83e\udd47 \u2713 erfahrene Coaches \u2713 Einzel-Coachings \u279c Jetzt ein individuelles Angebot anfordern","robots":{"index":"index","follow":"follow","max-snippet":"max-snippet:-1","max-image-preview":"max-image-preview:large","max-video-preview":"max-video-preview:-1"},"canonical":"https:\/\/www.pureconsultant.de\/de\/beratung\/coaching\/","og_locale":"de_DE","og_type":"article","og_title":"Coaching - Business Coaching - PURE Consultant","og_description":"Coaching: Business Coaching \ud83e\udd47 \u2713 erfahrene Coaches \u2713 Einzel-Coachings \u279c Jetzt ein individuelles Angebot anfordern","og_url":"https:\/\/www.pureconsultant.de\/de\/beratung\/coaching\/","og_site_name":"PURE Consultant","article_modified_time":"2024-06-05T07:03:53+00:00","og_image":[{"width":2560,"height":1707,"url":"https:\/\/www.pureconsultant.de\/wp-content\/uploads\/coaching-agile-methoden-koeln.jpg","type":"image\/jpeg"}],"twitter_card":"summary_large_image","twitter_misc":{"Gesch\u00e4tzte Lesezeit":"5\u00a0Minuten"},"schema":{"@context":"https:\/\/schema.org","@graph":[{"@type":"WebPage","@id":"https:\/\/www.pureconsultant.de\/de\/beratung\/coaching\/","url":"https:\/\/www.pureconsultant.de\/de\/beratung\/coaching\/","name":"Coaching - Business Coaching - PURE Consultant","isPartOf":{"@id":"https:\/\/www.pureconsultant.de\/#website"},"primaryImageOfPage":{"@id":"https:\/\/www.pureconsultant.de\/de\/beratung\/coaching\/#primaryimage"},"image":{"@id":"https:\/\/www.pureconsultant.de\/de\/beratung\/coaching\/#primaryimage"},"thumbnailUrl":"https:\/\/www.pureconsultant.de\/wp-content\/uploads\/coaching-agile-methoden-koeln.jpg","datePublished":"2020-07-10T08:24:07+00:00","dateModified":"2024-06-05T07:03:53+00:00","description":"Coaching: Business Coaching \ud83e\udd47 \u2713 erfahrene Coaches \u2713 Einzel-Coachings \u279c Jetzt ein individuelles Angebot anfordern","breadcrumb":{"@id":"https:\/\/www.pureconsultant.de\/de\/beratung\/coaching\/#breadcrumb"},"inLanguage":"de","potentialAction":[{"@type":"ReadAction","target":["https:\/\/www.pureconsultant.de\/de\/beratung\/coaching\/"]}]},{"@type":"ImageObject","inLanguage":"de","@id":"https:\/\/www.pureconsultant.de\/de\/beratung\/coaching\/#primaryimage","url":"https:\/\/www.pureconsultant.de\/wp-content\/uploads\/coaching-agile-methoden-koeln.jpg","contentUrl":"https:\/\/www.pureconsultant.de\/wp-content\/uploads\/coaching-agile-methoden-koeln.jpg","width":2560,"height":1707,"caption":"Business Coaching K\u00f6ln"},{"@type":"BreadcrumbList","@id":"https:\/\/www.pureconsultant.de\/de\/beratung\/coaching\/#breadcrumb","itemListElement":[{"@type":"ListItem","position":1,"name":"Startseite","item":"https:\/\/www.pureconsultant.de\/de\/"},{"@type":"ListItem","position":2,"name":"Beratung","item":"https:\/\/www.pureconsultant.de\/de\/beratung\/"},{"@type":"ListItem","position":3,"name":"Coaching"}]},{"@type":"WebSite","@id":"https:\/\/www.pureconsultant.de\/#website","url":"https:\/\/www.pureconsultant.de\/","name":"PURE Consultant","description":"Scrum, PMO, Projektmanagement &amp; Prozessmanagement aus K\u00f6ln","potentialAction":[{"@type":"SearchAction","target":{"@type":"EntryPoint","urlTemplate":"https:\/\/www.pureconsultant.de\/?s={search_term_string}"},"query-input":{"@type":"PropertyValueSpecification","valueRequired":true,"valueName":"search_term_string"}}],"inLanguage":"de"}]}},"_links":{"self":[{"href":"https:\/\/www.pureconsultant.de\/de\/wp-json\/wp\/v2\/pages\/400","targetHints":{"allow":["GET"]}}],"collection":[{"href":"https:\/\/www.pureconsultant.de\/de\/wp-json\/wp\/v2\/pages"}],"about":[{"href":"https:\/\/www.pureconsultant.de\/de\/wp-json\/wp\/v2\/types\/page"}],"author":[{"embeddable":true,"href":"https:\/\/www.pureconsultant.de\/de\/wp-json\/wp\/v2\/users\/5"}],"replies":[{"embeddable":true,"href":"https:\/\/www.pureconsultant.de\/de\/wp-json\/wp\/v2\/comments?post=400"}],"version-history":[{"count":0,"href":"https:\/\/www.pureconsultant.de\/de\/wp-json\/wp\/v2\/pages\/400\/revisions"}],"up":[{"embeddable":true,"href":"https:\/\/www.pureconsultant.de\/de\/wp-json\/wp\/v2\/pages\/216"}],"wp:featuredmedia":[{"embeddable":true,"href":"https:\/\/www.pureconsultant.de\/de\/wp-json\/wp\/v2\/media\/645"}],"wp:attachment":[{"href":"https:\/\/www.pureconsultant.de\/de\/wp-json\/wp\/v2\/media?parent=400"}],"curies":[{"name":"wp","href":"https:\/\/api.w.org\/{rel}","templated":true}]}}