{"id":219,"date":"2020-07-05T09:30:13","date_gmt":"2020-07-05T07:30:13","guid":{"rendered":"http:\/\/wp13553840.server-he.de\/?page_id=219"},"modified":"2025-01-14T11:20:11","modified_gmt":"2025-01-14T10:20:11","slug":"kontakt","status":"publish","type":"page","link":"https:\/\/www.pureconsultant.de\/de\/kontakt\/","title":{"rendered":"Kontakt"},"content":{"rendered":"<div class=\"m-block--container u-offset m-block--core--heading\">\n<h2 class=\"wp-block-heading\"><strong>Ihre Anfrage<\/strong><\/h2>\n<\/div><div class=\"m-block--container u-offset m-block--core--columns\">\n<div class=\"wp-block-columns is-layout-flex wp-container-core-columns-is-layout-9d6595d7 wp-block-columns-is-layout-flex\"><div class=\"m-block--container u-offset m-block--core--column\">\n<div class=\"wp-block-column col-66 is-layout-flow wp-block-column-is-layout-flow\" style=\"flex-basis:66.6%\">\n<div class=\"wpcf7 no-js\" id=\"wpcf7-f359-o1\" lang=\"de-DE\" dir=\"ltr\" data-wpcf7-id=\"359\">\n<div class=\"screen-reader-response\"><p role=\"status\" aria-live=\"polite\" aria-atomic=\"true\"><\/p> <ul><\/ul><\/div>\n<form action=\"\/de\/wp-json\/wp\/v2\/pages\/219#wpcf7-f359-o1\" method=\"post\" class=\"wpcf7-form init\" aria-label=\"Kontaktformular\" novalidate=\"novalidate\" data-status=\"init\">\n<fieldset class=\"hidden-fields-container\"><input type=\"hidden\" name=\"_wpcf7\" value=\"359\" \/><input type=\"hidden\" name=\"_wpcf7_version\" value=\"6.1.5\" \/><input type=\"hidden\" name=\"_wpcf7_locale\" value=\"de_DE\" \/><input type=\"hidden\" name=\"_wpcf7_unit_tag\" value=\"wpcf7-f359-o1\" \/><input type=\"hidden\" name=\"_wpcf7_container_post\" value=\"0\" \/><input type=\"hidden\" name=\"_wpcf7_posted_data_hash\" value=\"\" \/>\n<\/fieldset>\n<p>Vereinbaren Sie einen Termin mit uns und lernen Sie das Team kennen. In einem pers\u00f6nlichen Meeting k\u00f6nnen wir Ihre Bed\u00fcrfnisse analysieren und mit Ihnen zusammen eine individuelle L\u00f6sung erarbeiten.<\/p>\n<fieldset>\n <legend>Pers\u00f6nliche Daten<\/legend>\n <div class=\"form-group\">\n  <div class=\"row\">\n   <div class=\"col-12 col-lg-2\">\n<span class=\"a-dropdown\">\n    <span class=\"wpcf7-form-control-wrap\" data-name=\"salutation\"><select class=\"wpcf7-form-control wpcf7-select wpcf7-validates-as-required\" aria-required=\"true\" aria-invalid=\"false\" name=\"salutation\"><option value=\"Frau\">Frau<\/option><option value=\"Herr\">Herr<\/option><\/select><\/span>\n<\/span>\n   <\/div>\n   <div class=\"col-12 col-lg-4\">\n    <span class=\"wpcf7-form-control-wrap\" data-name=\"first_name\"><input size=\"40\" maxlength=\"400\" class=\"wpcf7-form-control wpcf7-text wpcf7-validates-as-required\" aria-required=\"true\" aria-invalid=\"false\" placeholder=\"Vorname\" value=\"\" type=\"text\" name=\"first_name\" \/><\/span>\n   <\/div>\n   <div class=\"col-12 col-lg-6\">\n    <span class=\"wpcf7-form-control-wrap\" data-name=\"last_name\"><input size=\"40\" maxlength=\"400\" class=\"wpcf7-form-control wpcf7-text wpcf7-validates-as-required\" aria-required=\"true\" aria-invalid=\"false\" placeholder=\"Nachname\" value=\"\" type=\"text\" name=\"last_name\" \/><\/span>\n   <\/div>\n  <\/div>\n<\/div>\n<div class=\"form-group\">\n  <div class=\"row\">\n   <div class=\"col-12 col-lg-6\">\n    <span class=\"wpcf7-form-control-wrap\" data-name=\"email\"><input size=\"40\" maxlength=\"400\" class=\"wpcf7-form-control wpcf7-email wpcf7-validates-as-required wpcf7-text wpcf7-validates-as-email\" aria-required=\"true\" aria-invalid=\"false\" placeholder=\"E-Mail-Adresse\" value=\"\" type=\"email\" name=\"email\" \/><\/span>\n   <\/div>\n   <div class=\"col-12 col-lg-6\">\n    <span class=\"wpcf7-form-control-wrap\" data-name=\"email_repeat\"><input size=\"40\" maxlength=\"400\" class=\"wpcf7-form-control wpcf7-email wpcf7-validates-as-required wpcf7-text wpcf7-validates-as-email\" aria-required=\"true\" aria-invalid=\"false\" placeholder=\"E-Mail-Adresse (wiederholen)\" value=\"\" type=\"email\" name=\"email_repeat\" \/><\/span>\n    <span id=\"wpcf7-69f4bed8ca394-wrapper\" class=\"wpcf7-form-control-wrap email-2-wrap\" ><input type=\"hidden\" name=\"email-2-time-start\" value=\"1777647320\"><input type=\"hidden\" name=\"email-2-time-check\" value=\"4\"><label for=\"wpcf7-69f4bed8ca394-field\" class=\"hp-message\">Bitte lasse dieses Feld leer.<\/label><input id=\"wpcf7-69f4bed8ca394-field\"  placeholder=\"Telefonnummer\"  class=\"wpcf7-form-control wpcf7-text\" type=\"text\" name=\"email-2\" value=\"\" size=\"40\" tabindex=\"-1\" autocomplete=\"new-password\" \/><\/span>\n   <\/div>\n  <\/div>\n<\/div>\n<div class=\"form-group\">\n  <div class=\"row\">\n   <div class=\"col-12\">\n    <span class=\"wpcf7-form-control-wrap\" data-name=\"phone\"><input size=\"40\" maxlength=\"400\" class=\"wpcf7-form-control wpcf7-tel wpcf7-text wpcf7-validates-as-tel\" aria-invalid=\"false\" placeholder=\"Telefonnummer (optional)\" value=\"\" type=\"tel\" name=\"phone\" \/><\/span>\n   <\/div>\n  <\/div>\n <\/div>\n<\/fieldset>\n<fieldset>\n <legend>Ansprechpartner<\/legend>\n <div class=\"form-group\">\n   <span class=\"wpcf7-form-control-wrap\" data-name=\"organisation\"><input size=\"40\" maxlength=\"400\" class=\"wpcf7-form-control wpcf7-text\" aria-invalid=\"false\" placeholder=\"Name des Ansprechpartners (optional)\" value=\"\" type=\"text\" name=\"organisation\" \/><\/span>\n <\/div>\n <div class=\"form-group\">\n    <span class=\"wpcf7-form-control-wrap\" data-name=\"organisation_email\"><input size=\"40\" maxlength=\"400\" class=\"wpcf7-form-control wpcf7-email wpcf7-text wpcf7-validates-as-email\" aria-invalid=\"false\" placeholder=\"E-Mail-Adresse des Ansprechpartners (optional)\" value=\"\" type=\"email\" name=\"organisation_email\" \/><\/span>\n <\/div>\n <div class=\"form-group\">\n   <span class=\"wpcf7-form-control-wrap\" data-name=\"organisation_website\"><input size=\"40\" maxlength=\"400\" class=\"wpcf7-form-control wpcf7-text\" aria-invalid=\"false\" placeholder=\"Website (optional)\" value=\"\" type=\"text\" name=\"organisation_website\" \/><\/span>\n <\/div>\n<\/fieldset>\n<fieldset>\n <legend>Details<\/legend>\n <div class=\"form-group\">\n<span class=\"a-dropdown\">\n    <span class=\"wpcf7-form-control-wrap\" data-name=\"topic\"><select class=\"wpcf7-form-control wpcf7-select wpcf7-validates-as-required\" aria-required=\"true\" aria-invalid=\"false\" name=\"topic\"><option value=\"Thema (optional)\">Thema (optional)<\/option><option value=\"Allgemeine Anfrage\">Allgemeine Anfrage<\/option><option value=\"Portfoliomanagement\">Portfoliomanagement<\/option><option value=\"Programmmanagement\">Programmmanagement<\/option><option value=\"Projektmanagement\">Projektmanagement<\/option><option value=\"Project Management Office\">Project Management Office<\/option><option value=\"Beratung Agile &amp; Scrum\">Beratung Agile &amp; Scrum<\/option><option value=\"Prozessmanagement\">Prozessmanagement<\/option><option value=\"Change Management\">Change Management<\/option><option value=\"Coaching\">Coaching<\/option><option value=\"Scrum Training\">Scrum Training<\/option><\/select><\/span>\n<\/span>\n<\/div>\n <div class=\"form-group\">\n    <span class=\"wpcf7-form-control-wrap\" data-name=\"appointment\"><input class=\"wpcf7-form-control wpcf7-date wpcf7-validates-as-date\" aria-invalid=\"false\" value=\"\" type=\"date\" name=\"appointment\" \/><\/span>\n<\/div>\n <div class=\"form-group\">\n    <span class=\"wpcf7-form-control-wrap\" data-name=\"message\"><textarea cols=\"40\" rows=\"10\" maxlength=\"2000\" class=\"wpcf7-form-control wpcf7-textarea\" aria-invalid=\"false\" placeholder=\"Mitteilung\" name=\"message\"><\/textarea><\/span>\n<\/div>\n<\/fieldset>\n<fieldset class=\"-last\">\n <div class=\"form-check form-group -sm\">\n  <label>\n   <span class=\"wpcf7-form-control-wrap\" data-name=\"privacy\"><span class=\"wpcf7-form-control wpcf7-checkbox wpcf7-validates-as-required\"><span class=\"wpcf7-list-item first last\"><input type=\"checkbox\" name=\"privacy[]\" value=\"ja\" \/><span class=\"wpcf7-list-item-label\">ja<\/span><\/span><\/span><\/span> <strong>Ja,<\/strong> ich habe die <a href=\"\/de\/datenschutz\/\" target=\"_blank\">Datenschutzerkl\u00e4rung<\/a> zur Kenntnis genommen und bin damit einverstanden, dass die von mir angegebenen Daten elektronisch erhoben und gespeichert werden. Meine Daten werden dabei nur streng zweckgebunden zur Bearbeitung und Beantwortung meiner Anfrage verwendet. Mit dem Absenden dieses Formulars erkl\u00e4re ich mich mit der Verarbeitung einverstanden.\n  <\/label> \n <\/div>\n<\/fieldset>\n<hr>\n<div class=\"row  controls\">\n <div class=\"col-12 text-right\">\n  <input class=\"wpcf7-form-control wpcf7-submit has-spinner\" type=\"submit\" value=\"Jetzt anfragen\" \/>\n <\/div>\n<\/div><div class=\"wpcf7-response-output\" aria-hidden=\"true\"><\/div>\n<\/form>\n<\/div>\n\n<\/div>\n<\/div>\n\n<div class=\"m-block--container u-offset m-block--core--column\">\n<div class=\"wp-block-column is-layout-flow wp-block-column-is-layout-flow\" style=\"flex-basis:33.33%\"><section class=\"m-contactperson\"><h3 class=\"a-headline--4\">Ihr Ansprechpartner<\/h3><div class=\"m-contactperson__item\"><img decoding=\"async\" src=\"https:\/\/www.pureconsultant.de\/wp-content\/uploads\/theo-staschewski-510x510.jpg\" class=\"m-contactpersons__image\" alt=\"Theo Staschewski\" width=\"128\" height=\"128\" loading=\"lazy\"><h3 class=\"a-headline--4 m-contactperson__headline\">Theo Staschewski<\/h3><span class=\"m-contactperson__phone\">0221 17738340<\/span><br><span class=\"m-contactperson__email\">contact@pureconsultant.de<\/span><br><\/div><\/div><\/section>\n<\/div>\n<\/div><\/div>\n<\/div><div class=\"m-block--container u-offset m-block--core--heading\">\n<h2 class=\"wp-block-heading\"><strong>Unsere Kontaktdaten<\/strong><\/h2>\n<\/div><div class=\"m-block--container u-offset m-block--core--paragraph\">\n<p><strong>PCG Pure Consultant GmbH<\/strong><\/p>\n<\/div><div class=\"m-block--container u-offset m-block--core--paragraph\">\n<p>Hohenstaufenring 57a<br>50674 K\u00f6ln<\/p>\n<\/div><div class=\"m-block--container u-offset m-block--core--paragraph\">\n<p>T. 0221 17738340<br>F. 0221 17738349<br><br><strong>B\u00fcro Berlin<\/strong>:<br>PCG Pure Consultant GmbH<br>K\u00e4rntener Stra\u00dfe 20<br>10827 Berlin<\/p>\n<\/div><div class=\"m-block--container u-offset m-block--core--paragraph\">\n<p><a href=\"mailto:contact@pureconsultant.de\">contact@pureconsultant.de<\/a><\/p>\n<\/div><div class=\"m-block--container u-offset m-block--core--html\">\n <div class=\"brlbs-cmpnt-container brlbs-cmpnt-content-blocker brlbs-cmpnt-with-individual-styles\" data-borlabs-cookie-content-blocker-id=\"google-maps\" data-borlabs-cookie-content=\"PGlmcmFtZSBzcmM9Imh0dHBzOi8vd3d3Lmdvb2dsZS5jb20vbWFwcy9lbWJlZD9wYj0hMW0xNCExbTghMW0zITFkMTAwNTcuNzU3NDQ0NTg3OTMhMmQ2LjkzOTE1MjIhM2Q1MC45MzQwODcyITNtMiExaTEwMjQhMmk3NjghNGYxMy4xITNtMyExbTIhMXMweDAlM0EweDM2MTA2M2M5OTVkYzhmODMhMnNQQ0clMjBQVVJFJTIwQ29uc3VsdGFudCUyMEdtYkghNWUwITNtMiExc2RlITJzZGUhNHYxNjM1MjM0MzUyNjczITVtMiExc2RlITJzZGUiIHN0eWxlPSJib3JkZXI6MCIgYWxsb3dmdWxsc2NyZWVuPSIiPjwvaWZyYW1lPg==\"><div class=\"brlbs-cmpnt-cb-preset-b brlbs-cmpnt-cb-google-maps\"> <div class=\"brlbs-cmpnt-cb-thumbnail\" style=\"background-image: url('https:\/\/www.pureconsultant.de\/wp-content\/uploads\/borlabs-cookie\/1\/brlbs-cb-google-maps-main.png')\"><\/div> <div class=\"brlbs-cmpnt-cb-main\"> <div class=\"brlbs-cmpnt-cb-content\"> <p class=\"brlbs-cmpnt-cb-description\">Sie sehen gerade einen Platzhalterinhalt von <strong>Google Maps<\/strong>. Um auf den eigentlichen Inhalt zuzugreifen, klicken Sie auf die Schaltfl\u00e4che unten. Bitte beachten Sie, dass dabei Daten an Drittanbieter weitergegeben werden.<\/p> <a class=\"brlbs-cmpnt-cb-provider-toggle\" href=\"#\" data-borlabs-cookie-show-provider-information role=\"button\">Mehr Informationen<\/a> <\/div> <div class=\"brlbs-cmpnt-cb-buttons\"> <a class=\"brlbs-cmpnt-cb-btn\" href=\"#\" data-borlabs-cookie-unblock role=\"button\">Inhalt entsperren<\/a> <a class=\"brlbs-cmpnt-cb-btn\" href=\"#\" data-borlabs-cookie-accept-service role=\"button\" style=\"display: inherit\">Erforderlichen Service akzeptieren und Inhalte entsperren<\/a> <\/div> <\/div> <\/div><\/div>\n<\/div><div class=\"m-block--container u-offset m-block--acf--cta\">    <div  class=\"container-fluid d-block u-block m-cta__link\" title=\"Karriere\">    <div class=\"m-cta\">\n\t\t\t<div><img decoding=\"async\" src=\"https:\/\/www.pureconsultant.de\/wp-content\/uploads\/theo-staschewski-256x256.jpg\" width=\"128\" height=\"128\" alt=\"Scrum Master und Agile Coach - Theo Staschewski\" class=\"m-cta__image\" loading=\"lazy\"><\/div><div><h2 class=\"a-headline--4 m-cta__headline\">Interesse Teil des Teams von PURE Consultant zu werden?<\/h2><div class=\"m-cta__text\">Wir suchen Menschen mit Neugierde, Wissensdurst oder einfach Pers\u00f6nlichkeiten, die unser Team bereichern. Lust gemeinsam mit uns etwas zu bewegen?<\/div><\/div>        <a href=\"https:\/\/www.pureconsultant.de\/de\/karriere\/\" class=\"a-button -blue -sm m-cta__more\">Mehr erfahren<\/a>\n    <\/div>\n\t<\/div><\/div>","protected":false},"excerpt":{"rendered":"<p>Ihre Anfrage Unsere Kontaktdaten PCG Pure Consultant GmbH Hohenstaufenring 57a50674 K\u00f6ln T. 0221 17738340F. 0221 17738349 B\u00fcro Berlin:PCG Pure Consultant GmbHK\u00e4rntener Stra\u00dfe 2010827 Berlin contact@pureconsultant.de Sie sehen gerade einen Platzhalterinhalt von Google Maps. Um auf den eigentlichen Inhalt zuzugreifen, klicken Sie auf die Schaltfl\u00e4che unten. Bitte beachten Sie, dass dabei Daten an Drittanbieter weitergegeben werden. [&hellip;]<\/p>\n","protected":false},"author":5,"featured_media":553,"parent":0,"menu_order":0,"comment_status":"closed","ping_status":"closed","template":"","meta":{"_acf_changed":false,"inline_featured_image":false,"footnotes":""},"class_list":["post-219","page","type-page","status-publish","has-post-thumbnail","hentry"],"acf":[],"yoast_head":"<!-- This site is optimized with the Yoast SEO plugin v27.5 - https:\/\/yoast.com\/product\/yoast-seo-wordpress\/ -->\n<title>Kontakt mit uns aufnehmen \u260e - PURE Consultant<\/title>\n<meta name=\"description\" content=\"Fragen Sie unsere Leistungen unverbindlich und komfortabel an. \u2713 gratis Erstberatung \u2713 Experten-Betreuung \u279c Jetzt Kontakt aufnehmen\" \/>\n<meta name=\"robots\" content=\"index, follow, max-snippet:-1, max-image-preview:large, max-video-preview:-1\" \/>\n<link rel=\"canonical\" href=\"https:\/\/www.pureconsultant.de\/de\/kontakt\/\" \/>\n<meta property=\"og:locale\" content=\"de_DE\" \/>\n<meta property=\"og:type\" content=\"article\" \/>\n<meta property=\"og:title\" content=\"Kontakt mit uns aufnehmen \u260e - PURE Consultant\" \/>\n<meta property=\"og:description\" content=\"Fragen Sie unsere Leistungen unverbindlich und komfortabel an. \u2713 gratis Erstberatung \u2713 Experten-Betreuung \u279c Jetzt Kontakt aufnehmen\" \/>\n<meta property=\"og:url\" content=\"https:\/\/www.pureconsultant.de\/de\/kontakt\/\" \/>\n<meta property=\"og:site_name\" content=\"PURE Consultant\" \/>\n<meta property=\"article:modified_time\" content=\"2025-01-14T10:20:11+00:00\" \/>\n<meta property=\"og:image\" content=\"https:\/\/www.pureconsultant.de\/wp-content\/uploads\/kontakt-pure-consultant-koeln-scaled.jpg\" \/>\n\t<meta property=\"og:image:width\" content=\"2560\" \/>\n\t<meta property=\"og:image:height\" content=\"1707\" \/>\n\t<meta property=\"og:image:type\" content=\"image\/jpeg\" \/>\n<meta name=\"twitter:card\" content=\"summary_large_image\" \/>\n<meta name=\"twitter:label1\" content=\"Gesch\u00e4tzte Lesezeit\" \/>\n\t<meta name=\"twitter:data1\" content=\"1\u00a0Minute\" \/>\n<script type=\"application\/ld+json\" class=\"yoast-schema-graph\">{\"@context\":\"https:\\\/\\\/schema.org\",\"@graph\":[{\"@type\":[\"WebPage\",\"ContactPage\"],\"@id\":\"https:\\\/\\\/www.pureconsultant.de\\\/de\\\/kontakt\\\/\",\"url\":\"https:\\\/\\\/www.pureconsultant.de\\\/de\\\/kontakt\\\/\",\"name\":\"Kontakt mit uns aufnehmen \u260e - PURE Consultant\",\"isPartOf\":{\"@id\":\"https:\\\/\\\/www.pureconsultant.de\\\/#website\"},\"primaryImageOfPage\":{\"@id\":\"https:\\\/\\\/www.pureconsultant.de\\\/de\\\/kontakt\\\/#primaryimage\"},\"image\":{\"@id\":\"https:\\\/\\\/www.pureconsultant.de\\\/de\\\/kontakt\\\/#primaryimage\"},\"thumbnailUrl\":\"https:\\\/\\\/www.pureconsultant.de\\\/wp-content\\\/uploads\\\/kontakt-pure-consultant-koeln-scaled.jpg\",\"datePublished\":\"2020-07-05T07:30:13+00:00\",\"dateModified\":\"2025-01-14T10:20:11+00:00\",\"description\":\"Fragen Sie unsere Leistungen unverbindlich und komfortabel an. \u2713 gratis Erstberatung \u2713 Experten-Betreuung \u279c Jetzt Kontakt aufnehmen\",\"breadcrumb\":{\"@id\":\"https:\\\/\\\/www.pureconsultant.de\\\/de\\\/kontakt\\\/#breadcrumb\"},\"inLanguage\":\"de\",\"potentialAction\":[{\"@type\":\"ReadAction\",\"target\":[\"https:\\\/\\\/www.pureconsultant.de\\\/de\\\/kontakt\\\/\"]}]},{\"@type\":\"ImageObject\",\"inLanguage\":\"de\",\"@id\":\"https:\\\/\\\/www.pureconsultant.de\\\/de\\\/kontakt\\\/#primaryimage\",\"url\":\"https:\\\/\\\/www.pureconsultant.de\\\/wp-content\\\/uploads\\\/kontakt-pure-consultant-koeln-scaled.jpg\",\"contentUrl\":\"https:\\\/\\\/www.pureconsultant.de\\\/wp-content\\\/uploads\\\/kontakt-pure-consultant-koeln-scaled.jpg\",\"width\":2560,\"height\":1707,\"caption\":\"Kontakt - PURE Consultant K\u00f6ln\"},{\"@type\":\"BreadcrumbList\",\"@id\":\"https:\\\/\\\/www.pureconsultant.de\\\/de\\\/kontakt\\\/#breadcrumb\",\"itemListElement\":[{\"@type\":\"ListItem\",\"position\":1,\"name\":\"Startseite\",\"item\":\"https:\\\/\\\/www.pureconsultant.de\\\/de\\\/\"},{\"@type\":\"ListItem\",\"position\":2,\"name\":\"Kontakt\"}]},{\"@type\":\"WebSite\",\"@id\":\"https:\\\/\\\/www.pureconsultant.de\\\/#website\",\"url\":\"https:\\\/\\\/www.pureconsultant.de\\\/\",\"name\":\"PURE Consultant\",\"description\":\"Scrum, PMO, Projektmanagement &amp; Prozessmanagement aus K\u00f6ln\",\"potentialAction\":[{\"@type\":\"SearchAction\",\"target\":{\"@type\":\"EntryPoint\",\"urlTemplate\":\"https:\\\/\\\/www.pureconsultant.de\\\/?s={search_term_string}\"},\"query-input\":{\"@type\":\"PropertyValueSpecification\",\"valueRequired\":true,\"valueName\":\"search_term_string\"}}],\"inLanguage\":\"de\"}]}<\/script>\n<!-- \/ Yoast SEO plugin. -->","yoast_head_json":{"title":"Kontakt mit uns aufnehmen \u260e - PURE Consultant","description":"Fragen Sie unsere Leistungen unverbindlich und komfortabel an. \u2713 gratis Erstberatung \u2713 Experten-Betreuung \u279c Jetzt Kontakt aufnehmen","robots":{"index":"index","follow":"follow","max-snippet":"max-snippet:-1","max-image-preview":"max-image-preview:large","max-video-preview":"max-video-preview:-1"},"canonical":"https:\/\/www.pureconsultant.de\/de\/kontakt\/","og_locale":"de_DE","og_type":"article","og_title":"Kontakt mit uns aufnehmen \u260e - PURE Consultant","og_description":"Fragen Sie unsere Leistungen unverbindlich und komfortabel an. \u2713 gratis Erstberatung \u2713 Experten-Betreuung \u279c Jetzt Kontakt aufnehmen","og_url":"https:\/\/www.pureconsultant.de\/de\/kontakt\/","og_site_name":"PURE Consultant","article_modified_time":"2025-01-14T10:20:11+00:00","og_image":[{"width":2560,"height":1707,"url":"https:\/\/www.pureconsultant.de\/wp-content\/uploads\/kontakt-pure-consultant-koeln-scaled.jpg","type":"image\/jpeg"}],"twitter_card":"summary_large_image","twitter_misc":{"Gesch\u00e4tzte Lesezeit":"1\u00a0Minute"},"schema":{"@context":"https:\/\/schema.org","@graph":[{"@type":["WebPage","ContactPage"],"@id":"https:\/\/www.pureconsultant.de\/de\/kontakt\/","url":"https:\/\/www.pureconsultant.de\/de\/kontakt\/","name":"Kontakt mit uns aufnehmen \u260e - PURE Consultant","isPartOf":{"@id":"https:\/\/www.pureconsultant.de\/#website"},"primaryImageOfPage":{"@id":"https:\/\/www.pureconsultant.de\/de\/kontakt\/#primaryimage"},"image":{"@id":"https:\/\/www.pureconsultant.de\/de\/kontakt\/#primaryimage"},"thumbnailUrl":"https:\/\/www.pureconsultant.de\/wp-content\/uploads\/kontakt-pure-consultant-koeln-scaled.jpg","datePublished":"2020-07-05T07:30:13+00:00","dateModified":"2025-01-14T10:20:11+00:00","description":"Fragen Sie unsere Leistungen unverbindlich und komfortabel an. \u2713 gratis Erstberatung \u2713 Experten-Betreuung \u279c Jetzt Kontakt aufnehmen","breadcrumb":{"@id":"https:\/\/www.pureconsultant.de\/de\/kontakt\/#breadcrumb"},"inLanguage":"de","potentialAction":[{"@type":"ReadAction","target":["https:\/\/www.pureconsultant.de\/de\/kontakt\/"]}]},{"@type":"ImageObject","inLanguage":"de","@id":"https:\/\/www.pureconsultant.de\/de\/kontakt\/#primaryimage","url":"https:\/\/www.pureconsultant.de\/wp-content\/uploads\/kontakt-pure-consultant-koeln-scaled.jpg","contentUrl":"https:\/\/www.pureconsultant.de\/wp-content\/uploads\/kontakt-pure-consultant-koeln-scaled.jpg","width":2560,"height":1707,"caption":"Kontakt - PURE Consultant K\u00f6ln"},{"@type":"BreadcrumbList","@id":"https:\/\/www.pureconsultant.de\/de\/kontakt\/#breadcrumb","itemListElement":[{"@type":"ListItem","position":1,"name":"Startseite","item":"https:\/\/www.pureconsultant.de\/de\/"},{"@type":"ListItem","position":2,"name":"Kontakt"}]},{"@type":"WebSite","@id":"https:\/\/www.pureconsultant.de\/#website","url":"https:\/\/www.pureconsultant.de\/","name":"PURE Consultant","description":"Scrum, PMO, Projektmanagement &amp; Prozessmanagement aus K\u00f6ln","potentialAction":[{"@type":"SearchAction","target":{"@type":"EntryPoint","urlTemplate":"https:\/\/www.pureconsultant.de\/?s={search_term_string}"},"query-input":{"@type":"PropertyValueSpecification","valueRequired":true,"valueName":"search_term_string"}}],"inLanguage":"de"}]}},"_links":{"self":[{"href":"https:\/\/www.pureconsultant.de\/de\/wp-json\/wp\/v2\/pages\/219","targetHints":{"allow":["GET"]}}],"collection":[{"href":"https:\/\/www.pureconsultant.de\/de\/wp-json\/wp\/v2\/pages"}],"about":[{"href":"https:\/\/www.pureconsultant.de\/de\/wp-json\/wp\/v2\/types\/page"}],"author":[{"embeddable":true,"href":"https:\/\/www.pureconsultant.de\/de\/wp-json\/wp\/v2\/users\/5"}],"replies":[{"embeddable":true,"href":"https:\/\/www.pureconsultant.de\/de\/wp-json\/wp\/v2\/comments?post=219"}],"version-history":[{"count":1,"href":"https:\/\/www.pureconsultant.de\/de\/wp-json\/wp\/v2\/pages\/219\/revisions"}],"predecessor-version":[{"id":21747,"href":"https:\/\/www.pureconsultant.de\/de\/wp-json\/wp\/v2\/pages\/219\/revisions\/21747"}],"wp:featuredmedia":[{"embeddable":true,"href":"https:\/\/www.pureconsultant.de\/de\/wp-json\/wp\/v2\/media\/553"}],"wp:attachment":[{"href":"https:\/\/www.pureconsultant.de\/de\/wp-json\/wp\/v2\/media?parent=219"}],"curies":[{"name":"wp","href":"https:\/\/api.w.org\/{rel}","templated":true}]}}