{"id":2014,"date":"2021-07-28T15:43:11","date_gmt":"2021-07-28T13:43:11","guid":{"rendered":"https:\/\/www.pureconsultant.de\/?page_id=2014"},"modified":"2024-08-14T10:17:10","modified_gmt":"2024-08-14T08:17:10","slug":"programmmanagement-beratung","status":"publish","type":"page","link":"https:\/\/www.pureconsultant.de\/de\/beratung\/programmmanagement-beratung\/","title":{"rendered":"Programmmanagement Beratung &amp; Consulting"},"content":{"rendered":"<div class=\"m-block--container u-offset m-block--core--heading\">\n<h2 class=\"wp-block-heading\" id=\"h-mit-professionellem-programmmanagement-die-unternehmensstrategie-unterstutzen\">Mit professionellem Programmmanagement Consulting die Unternehmensstrategie unterst\u00fctzen<\/h2>\n<\/div><div class=\"m-block--container u-offset m-block--core--paragraph\">\n<p><strong>Programmmanagement<\/strong> <strong>Beratung &amp; Consulting<\/strong>: Unternehmen entwickeln sich nur weiter und bleiben erfolgreich, wenn sie sich kontinuierlich ver\u00e4ndern. Change-Prozesse in den Unternehmen geschehen aber nicht in der Luft. Vielmehr mit Hilfe vieler Projekte, die die Unternehmen aufsetzen und realisieren. Bildlich gesprochen, sind Projekte die Reifen, die die taktischen wie strategischen Unternehmensziele und damit die geplanten Ver\u00e4nderungen auf die Stra\u00dfe bringen.<\/p>\n<\/div><div class=\"m-block--container u-offset m-block--core--media-text\">\n<div class=\"wp-block-media-text is-stacked-on-mobile\"><figure class=\"wp-block-media-text__media\"><img loading=\"lazy\" decoding=\"async\" width=\"2560\" height=\"1407\" src=\"https:\/\/www.pureconsultant.de\/wp-content\/uploads\/Programmmanagement_01-2-scaled.jpeg\" alt=\"\" class=\"wp-image-8892 size-full\" srcset=\"https:\/\/www.pureconsultant.de\/wp-content\/uploads\/Programmmanagement_01-2-scaled.jpeg 2560w, https:\/\/www.pureconsultant.de\/wp-content\/uploads\/Programmmanagement_01-2-768x422.jpeg 768w, https:\/\/www.pureconsultant.de\/wp-content\/uploads\/Programmmanagement_01-2-1536x844.jpeg 1536w, https:\/\/www.pureconsultant.de\/wp-content\/uploads\/Programmmanagement_01-2-2048x1126.jpeg 2048w, https:\/\/www.pureconsultant.de\/wp-content\/uploads\/Programmmanagement_01-2-73x40.jpeg 73w\" sizes=\"auto, (max-width: 2560px) 100vw, 2560px\" \/><\/figure><div class=\"wp-block-media-text__content\"><div class=\"m-block--container u-offset m-block--core--paragraph\">\n<p>Doch je mehr Projekte und Initiativen in den Unternehmen geplant und umgesetzt werden, umso gr\u00f6\u00dfer der Bedarf, sie zu koordinieren. F\u00fcr ihren Gleichlauf zu sorgen, ihren Verlauf zu lenken und ihre Ergebnisse zu kontrollieren. Die Gefahr ist gro\u00df, dass die aktuellen <strong>Projekte einander in die Quere<\/strong> kommen. Sich in ihrer Wirkung gegenseitig aufheben und auf diese Weise wenig effektiv, wenn nicht gar kontraproduktiv werden. Dies zu verhindern und einen zielgerichteten, reibungslosen, aufeinander abgestimmten und effektiven Verlauf der Projekte zu erm\u00f6glichen, ist die Aufgabe des Programmanagements.<\/p>\n<\/div><\/div><\/div>\n<\/div><div class=\"m-block--container u-offset m-block--core--heading\">\n<h2 class=\"wp-block-heading\" id=\"h-projekt-programm-management-getrennt-marschieren-gemeinsam-schlagen\">Programmmanagement Beratung &amp; Consulting: Getrennt marschieren, gemeinsam schlagen<\/h2>\n<\/div><div class=\"m-block--container u-offset m-block--core--paragraph\">\n<p>Wir erleben es immer wieder, wie herausfordernd es schon sein kann, einzelne Projekte zu managen. Vor allem, wenn sie viele Teilprojekte enthalten. Dar\u00fcber hinaus machen wir oft die Erfahrung, um wieviel schwieriger das Management wird, wenn viele <a href=\"https:\/\/www.pureconsultant.de\/de\/beratung\/projektmanagement-beratung-consulting\/\"><strong>Einzelprojekte<\/strong><\/a> einem gemeinsamen Ziel untergeordnet und in einem Programm samt Unterprogrammen zusammengefasst sind.<\/p>\n<\/div><div class=\"m-block--container u-offset m-block--core--paragraph\">\n<p>Unter Programmen verstehen wir organisatorische Dachstrukturen bzw. der Linienorganisation \u00fcbergeordnete Organisationseinheiten. Diese machen es m\u00f6glich, zusammenh\u00e4ngende Projekte innerhalb des Unternehmens zu erfassen, zu steuern, aufeinander abzustimmen und <strong>Synergien<\/strong> unter ihnen zu schaffen. Kurz, die Aufgabe eines solchen Managements ist es, die Einzelprojekte und Teilprojekte so zu steuern, dass sie das Unternehmen bei der Erreichung seiner Ziele unterst\u00fctzen. Ziele, die nicht h\u00e4tten erreicht werden k\u00f6nnen, wenn die Einzelprojekte unverbunden geblieben und dem Wildwuchs \u00fcberlassen worden w\u00e4ren.<\/p>\n<\/div><div class=\"m-block--container u-offset m-block--core--heading\">\n<h2 class=\"wp-block-heading\" id=\"h-programmmanagement-ist-weder-projektmanagement-noch-portfoliomanagement\">Programmmanagement ist weder Projektmanagement noch Portfoliomanagement<\/h2>\n<\/div><div class=\"m-block--container u-offset m-block--core--paragraph\">\n<p>Da wir die Erfahrung gemacht haben, dass bereits bei der Definition der verwandten Begriffe wenig Trennsch\u00e4rfe besteht, m\u00f6chten wir Ihnen unsere Definition vorstellen, die uns bei unserer Beratungst\u00e4tigkeit immer schon begleitet hat:<\/p>\n<\/div><div class=\"m-block--container u-offset m-block--core--paragraph\">\n<p>\u2022 <strong>Portfoliomanagement <\/strong>stellt so etwas wie die Adlerperspektive dar. Es ist ein \u00fcbergeordneter Prozess, der alle unternehmensweiten Initiativen und Programme steuert und koordiniert, um so die strategischen Unternehmensziele zu erreichen.<\/p>\n<\/div><div class=\"m-block--container u-offset m-block--core--paragraph\">\n<p>\u2022 Demgegen\u00fcber nimmt das <strong>Programmmanagement <\/strong>die Hubschrauberperspektive in Bezug auf die in einem Programm zusammengefassten Unterprogramme und Projekte ein. Es koordiniert und steuert alle zusammenh\u00e4ngenden Projekte eines Programms.<\/p>\n<\/div><div class=\"m-block--container u-offset m-block--core--paragraph\">\n<p>\u2022 Das <strong>Projektmanagement <\/strong>ist die unterste Ebene. Es zeichnet daf\u00fcr verantwortlich, dass die Projekte zu den gew\u00fcnschten Ergebnissen f\u00fchren. Allerdings untersteht es dem Management des Programms als \u00fcbergeordneter Ebene, von der aus die einzelnen Projekte gesteuert und bei Bedarf auch angepasst werden.<\/p>\n<\/div><div class=\"m-block--container u-offset m-block--core--paragraph\">\n<p>Kurz gefasst l\u00e4sst sich sagen, dass das taktisch ausgerichtete, programmbezogene Management gewisserma\u00dfen zwischen dem operativem Projektmanagement und dem strategisch ausgerichteten Portfoliomanagement steht. Strebt das eine konkrete Ergebnisse an, liegt der Fokus des anderen auf der Errichtung strategischer Unternehmensziele.<\/p>\n<\/div><div class=\"m-block--container u-offset m-block--core--heading\">\n<h2 class=\"wp-block-heading\" id=\"h-das-management-von-programmen-ist-fuhrungsaufgabe\">Das Management von Programmen ist F\u00fchrungsaufgabe<\/h2>\n<\/div><div class=\"m-block--container u-offset m-block--core--paragraph\">\n<p>Zu den wichtigsten F\u00fchrungsaufgaben in den Unternehmen geh\u00f6rt es nicht nur, darauf zu achten, dass die <strong>richtigen Programme<\/strong> in das Unternehmensportfolio aufgenommen werden. Ebenso wichtig ist es, ausreichend personelle sowie finanzielle Ressourcen und \u2013 sehr wichtig! \u2013 auch <strong>explizites Empowerment<\/strong> f\u00fcr ihr professionelles Management bereitzustellen.<\/p>\n<\/div><div class=\"m-block--container u-offset m-block--core--media-text\">\n<div class=\"wp-block-media-text is-stacked-on-mobile\"><figure class=\"wp-block-media-text__media\"><img loading=\"lazy\" decoding=\"async\" width=\"2560\" height=\"1708\" src=\"https:\/\/www.pureconsultant.de\/wp-content\/uploads\/Programmmanagement_02-scaled.jpeg\" alt=\"\" class=\"wp-image-8894 size-full\" srcset=\"https:\/\/www.pureconsultant.de\/wp-content\/uploads\/Programmmanagement_02-scaled.jpeg 2560w, https:\/\/www.pureconsultant.de\/wp-content\/uploads\/Programmmanagement_02-768x512.jpeg 768w, https:\/\/www.pureconsultant.de\/wp-content\/uploads\/Programmmanagement_02-1536x1025.jpeg 1536w, https:\/\/www.pureconsultant.de\/wp-content\/uploads\/Programmmanagement_02-2048x1366.jpeg 2048w, https:\/\/www.pureconsultant.de\/wp-content\/uploads\/Programmmanagement_02-60x40.jpeg 60w, https:\/\/www.pureconsultant.de\/wp-content\/uploads\/Programmmanagement_02-445x297.jpeg 445w\" sizes=\"auto, (max-width: 2560px) 100vw, 2560px\" \/><\/figure><div class=\"wp-block-media-text__content\"><div class=\"m-block--container u-offset m-block--core--paragraph\">\n<p>Immer wieder machen wir die Erfahrung, wie wichtig der R\u00fcckhalt der Programmsponsoren f\u00fcr ein reibungsloses Projekt Programm Management ist, seien es CEOs, COOs oder CTOs, um nur einige zu nennen. Ein solches Management kann nur funktionieren, wenn Sie geeignete Mitarbeiter*innen daf\u00fcr abgestellen. Da Management von Programmen aber eine Querschnittsfunktion ist und \u00fcber allen Abteilungen und Silos der Linienorganisation angesiedelt ist, sind Konflikte um Zust\u00e4ndigkeiten und Kompetenzen vorprogrammiert. Die Mitarbeiter*innen k\u00f6nnen diese Aufgabe nur dann erf\u00fcllen, wenn sie best\u00e4ndig mit allen Beteiligten und Stakeholdern kommunizieren und &#8211; am allerwichtigsten \u2013 die R\u00fcckendeckung bis hin zur obersten F\u00fchrungsebene haben.<\/p>\n<\/div><\/div><\/div>\n<\/div><div class=\"m-block--container u-offset m-block--core--heading\">\n<h2 class=\"wp-block-heading\" id=\"h-was-sind-die-wichtigsten-aufgaben-und-merkmale-des-programm-managements\">Was sind die wichtigsten Aufgaben und Merkmale des Programm Managements?<\/h2>\n<\/div><div class=\"m-block--container u-offset m-block--core--paragraph\">\n<p>\u2022 Die <strong>Einrichtung eines Programmb\u00fcros<\/strong>, des Programm Management Offices (PMO) ist f\u00fcr den Erfolg eines Programms unabdingbar, da in ihr sowohl Koordination, Verlauf und Kontrolle der Einzelprojekte zentral gesteuert werden. Es ist die Schaltzentrale, die sowohl Termine, eventuelle \u00dcberschneidungen, Interdependenzen und optimalerweise auch Synergien im Blick beh\u00e4lt und herbeif\u00fchrt.<\/p>\n<\/div><div class=\"m-block--container u-offset m-block--core--paragraph\">\n<p>\u2022 Da Programme oft erkl\u00e4rungsbed\u00fcrftig sind, <strong>vertritt deren Management<\/strong> das Programm, die darunter gefassten Projekte und den Verlauf des Ganzen genauso <strong>nach Innen wie nach Au\u00dfen<\/strong>.<\/p>\n<\/div><div class=\"m-block--container u-offset m-block--core--paragraph\">\n<p>\u2022 Vor allem behalten die Programmmanager*innen stets auch das Unternehmensganze im Auge. So kann es f\u00fcr ein Programm erfolgskritisch sein, dass auch Projekte ber\u00fccksichtigt und integriert werden, die sozusagen extraterritorial au\u00dferhalb des eigenen Programms liegen.<\/p>\n<\/div><div class=\"m-block--container u-offset m-block--core--paragraph\">\n<p>\u2022 Wichtig ist auch die richtige Einstellung zum Zeithorizont von Programmen und den Terminen. Durch die <strong>Anbindung an die strategischen Unternehmensziele<\/strong> dauern die Programme oft sehr lange und sind mit der Erreichung der Ziele beendet. Innerhalb des Programms gibt es aber in der Regel viele unbekannte, sich st\u00e4ndig ver\u00e4ndernde Fristen, die in Abh\u00e4ngigkeit zu den Fortschritten (oder auch R\u00fcckschritten) der Einzelprojekte immer wieder flie\u00dfend sind und koordiniert werden m\u00fcssen.<\/p>\n<\/div><div class=\"m-block--container u-offset m-block--core--paragraph\">\n<p>\u2022 Da die heutigen Programme oft so komplex sind, k\u00f6nnen sie optimal nur mit Hilfe von Softwaretools gemanaged werden. Die Erfassung und Darstellung von Terminverschiebungen und flie\u00dfende Statusver\u00e4nderungen in den Einzelprojekten und Programmen sind da nur ein Beispiel, wie das Management von Programmen von der Automatisierung profitieren kann. Da nicht jede Automatisierung f\u00fcr jedes Programm und Unternehmen geeignet ist, beraten wir unsere Kunden auch hier bei der Wahl der f\u00fcr sie besten Softwaretools.<\/p>\n<\/div><div class=\"m-block--container u-offset m-block--core--paragraph\">\n<p>Erfolgreich durchgef\u00fchrte Programme sind die Basis f\u00fcr die <strong>Wettbewerbs- und Zukunftsf\u00e4higkeit<\/strong> Ihres Unternehmens. Erfolgreich werden Programme aber nur dann, wenn ihr Management professionell durchgef\u00fchrt wird. Gern unterst\u00fctzen wir Sie mit unserem Beratungsangebot dabei.<\/p>\n<\/div><div class=\"m-block--container u-offset m-block--acf--cta\">    <div  class=\"container-fluid d-block u-block m-cta__link\" title=\"Kontakt\">    <div class=\"m-cta\">\n\t\t\t<div><img decoding=\"async\" src=\"https:\/\/www.pureconsultant.de\/wp-content\/uploads\/theo-staschewski-256x256.jpg\" width=\"128\" height=\"128\" alt=\"Scrum Master und Agile Coach - Theo Staschewski\" class=\"m-cta__image\" loading=\"lazy\"><\/div><div><h2 class=\"a-headline--4 m-cta__headline\">Beratungstermin vereinbaren<\/h2><div class=\"m-cta__text\">Vereinbaren Sie einen Termin mit uns und lernen Sie das Team kennen. In einem pers\u00f6nlichen Termin k\u00f6nnen wir Ihre Bed\u00fcrfnisse analysieren und mit Ihnen zusammen eine individuelle Beratungsstrategie erarbeiten.<\/div><\/div>        <a href=\"https:\/\/www.pureconsultant.de\/de\/kontakt\/\" class=\"a-button -blue -sm m-cta__more\">Termin vereinbaren<\/a>\n    <\/div>\n\t<\/div><\/div>","protected":false},"excerpt":{"rendered":"<p>Mit professionellem Programmmanagement Consulting die Unternehmensstrategie unterst\u00fctzen Programmmanagement Beratung &amp; Consulting: Unternehmen entwickeln sich nur weiter und bleiben erfolgreich, wenn sie sich kontinuierlich ver\u00e4ndern. Change-Prozesse in den Unternehmen geschehen aber nicht in der Luft. Vielmehr mit Hilfe vieler Projekte, die die Unternehmen aufsetzen und realisieren. Bildlich gesprochen, sind Projekte die Reifen, die die taktischen wie [&hellip;]<\/p>\n","protected":false},"author":3,"featured_media":3396,"parent":216,"menu_order":0,"comment_status":"closed","ping_status":"closed","template":"","meta":{"_acf_changed":false,"inline_featured_image":false,"footnotes":""},"class_list":["post-2014","page","type-page","status-publish","has-post-thumbnail","hentry"],"acf":[],"yoast_head":"<!-- This site is optimized with the Yoast SEO plugin v27.5 - https:\/\/yoast.com\/product\/yoast-seo-wordpress\/ -->\n<title>Programmmanagement Beratung &amp; Consulting aus K\u00f6ln - PURE Consultant<\/title>\n<meta name=\"description\" content=\"Programmmanagement Beratung: Wir verf\u00fcgen \u00fcber strategische, bereichs\u00fcbergreifende Weitsicht &amp; f\u00fchren Ihre Projekte zum Erfolg.\" \/>\n<meta name=\"robots\" content=\"index, follow, max-snippet:-1, max-image-preview:large, max-video-preview:-1\" \/>\n<link rel=\"canonical\" href=\"https:\/\/www.pureconsultant.de\/de\/beratung\/programmmanagement-beratung\/\" \/>\n<meta property=\"og:locale\" content=\"de_DE\" \/>\n<meta property=\"og:type\" content=\"article\" \/>\n<meta property=\"og:title\" content=\"Programmmanagement Beratung &amp; Consulting aus K\u00f6ln - PURE Consultant\" \/>\n<meta property=\"og:description\" content=\"Programmmanagement Beratung: Wir verf\u00fcgen \u00fcber strategische, bereichs\u00fcbergreifende Weitsicht &amp; f\u00fchren Ihre Projekte zum Erfolg.\" \/>\n<meta property=\"og:url\" content=\"https:\/\/www.pureconsultant.de\/de\/beratung\/programmmanagement-beratung\/\" \/>\n<meta property=\"og:site_name\" content=\"PURE Consultant\" \/>\n<meta property=\"article:modified_time\" content=\"2024-08-14T08:17:10+00:00\" \/>\n<meta property=\"og:image\" content=\"https:\/\/www.pureconsultant.de\/wp-content\/uploads\/Programmmanagement_01-scaled.jpeg\" \/>\n\t<meta property=\"og:image:width\" content=\"2560\" \/>\n\t<meta property=\"og:image:height\" content=\"1407\" \/>\n\t<meta property=\"og:image:type\" content=\"image\/jpeg\" \/>\n<meta name=\"twitter:card\" content=\"summary_large_image\" \/>\n<meta name=\"twitter:label1\" content=\"Gesch\u00e4tzte Lesezeit\" \/>\n\t<meta name=\"twitter:data1\" content=\"6\u00a0Minuten\" \/>\n<script type=\"application\/ld+json\" class=\"yoast-schema-graph\">{\"@context\":\"https:\\\/\\\/schema.org\",\"@graph\":[{\"@type\":\"WebPage\",\"@id\":\"https:\\\/\\\/www.pureconsultant.de\\\/de\\\/beratung\\\/programmmanagement-beratung\\\/\",\"url\":\"https:\\\/\\\/www.pureconsultant.de\\\/de\\\/beratung\\\/programmmanagement-beratung\\\/\",\"name\":\"Programmmanagement Beratung &amp; Consulting aus K\u00f6ln - PURE Consultant\",\"isPartOf\":{\"@id\":\"https:\\\/\\\/www.pureconsultant.de\\\/#website\"},\"primaryImageOfPage\":{\"@id\":\"https:\\\/\\\/www.pureconsultant.de\\\/de\\\/beratung\\\/programmmanagement-beratung\\\/#primaryimage\"},\"image\":{\"@id\":\"https:\\\/\\\/www.pureconsultant.de\\\/de\\\/beratung\\\/programmmanagement-beratung\\\/#primaryimage\"},\"thumbnailUrl\":\"https:\\\/\\\/www.pureconsultant.de\\\/wp-content\\\/uploads\\\/Programmmanagement_01-scaled.jpeg\",\"datePublished\":\"2021-07-28T13:43:11+00:00\",\"dateModified\":\"2024-08-14T08:17:10+00:00\",\"description\":\"Programmmanagement Beratung: Wir verf\u00fcgen \u00fcber strategische, bereichs\u00fcbergreifende Weitsicht & f\u00fchren Ihre Projekte zum Erfolg.\",\"breadcrumb\":{\"@id\":\"https:\\\/\\\/www.pureconsultant.de\\\/de\\\/beratung\\\/programmmanagement-beratung\\\/#breadcrumb\"},\"inLanguage\":\"de\",\"potentialAction\":[{\"@type\":\"ReadAction\",\"target\":[\"https:\\\/\\\/www.pureconsultant.de\\\/de\\\/beratung\\\/programmmanagement-beratung\\\/\"]}]},{\"@type\":\"ImageObject\",\"inLanguage\":\"de\",\"@id\":\"https:\\\/\\\/www.pureconsultant.de\\\/de\\\/beratung\\\/programmmanagement-beratung\\\/#primaryimage\",\"url\":\"https:\\\/\\\/www.pureconsultant.de\\\/wp-content\\\/uploads\\\/Programmmanagement_01-scaled.jpeg\",\"contentUrl\":\"https:\\\/\\\/www.pureconsultant.de\\\/wp-content\\\/uploads\\\/Programmmanagement_01-scaled.jpeg\",\"width\":2560,\"height\":1407,\"caption\":\"Programmmanagement\"},{\"@type\":\"BreadcrumbList\",\"@id\":\"https:\\\/\\\/www.pureconsultant.de\\\/de\\\/beratung\\\/programmmanagement-beratung\\\/#breadcrumb\",\"itemListElement\":[{\"@type\":\"ListItem\",\"position\":1,\"name\":\"Startseite\",\"item\":\"https:\\\/\\\/www.pureconsultant.de\\\/de\\\/\"},{\"@type\":\"ListItem\",\"position\":2,\"name\":\"Beratung\",\"item\":\"https:\\\/\\\/www.pureconsultant.de\\\/de\\\/beratung\\\/\"},{\"@type\":\"ListItem\",\"position\":3,\"name\":\"Programmmanagement Beratung &amp; Consulting\"}]},{\"@type\":\"WebSite\",\"@id\":\"https:\\\/\\\/www.pureconsultant.de\\\/#website\",\"url\":\"https:\\\/\\\/www.pureconsultant.de\\\/\",\"name\":\"PURE Consultant\",\"description\":\"Scrum, PMO, Projektmanagement &amp; Prozessmanagement aus K\u00f6ln\",\"potentialAction\":[{\"@type\":\"SearchAction\",\"target\":{\"@type\":\"EntryPoint\",\"urlTemplate\":\"https:\\\/\\\/www.pureconsultant.de\\\/?s={search_term_string}\"},\"query-input\":{\"@type\":\"PropertyValueSpecification\",\"valueRequired\":true,\"valueName\":\"search_term_string\"}}],\"inLanguage\":\"de\"}]}<\/script>\n<!-- \/ Yoast SEO plugin. -->","yoast_head_json":{"title":"Programmmanagement Beratung &amp; Consulting aus K\u00f6ln - PURE Consultant","description":"Programmmanagement Beratung: Wir verf\u00fcgen \u00fcber strategische, bereichs\u00fcbergreifende Weitsicht & f\u00fchren Ihre Projekte zum Erfolg.","robots":{"index":"index","follow":"follow","max-snippet":"max-snippet:-1","max-image-preview":"max-image-preview:large","max-video-preview":"max-video-preview:-1"},"canonical":"https:\/\/www.pureconsultant.de\/de\/beratung\/programmmanagement-beratung\/","og_locale":"de_DE","og_type":"article","og_title":"Programmmanagement Beratung &amp; Consulting aus K\u00f6ln - PURE Consultant","og_description":"Programmmanagement Beratung: Wir verf\u00fcgen \u00fcber strategische, bereichs\u00fcbergreifende Weitsicht & f\u00fchren Ihre Projekte zum Erfolg.","og_url":"https:\/\/www.pureconsultant.de\/de\/beratung\/programmmanagement-beratung\/","og_site_name":"PURE Consultant","article_modified_time":"2024-08-14T08:17:10+00:00","og_image":[{"width":2560,"height":1407,"url":"https:\/\/www.pureconsultant.de\/wp-content\/uploads\/Programmmanagement_01-scaled.jpeg","type":"image\/jpeg"}],"twitter_card":"summary_large_image","twitter_misc":{"Gesch\u00e4tzte Lesezeit":"6\u00a0Minuten"},"schema":{"@context":"https:\/\/schema.org","@graph":[{"@type":"WebPage","@id":"https:\/\/www.pureconsultant.de\/de\/beratung\/programmmanagement-beratung\/","url":"https:\/\/www.pureconsultant.de\/de\/beratung\/programmmanagement-beratung\/","name":"Programmmanagement Beratung &amp; Consulting aus K\u00f6ln - PURE Consultant","isPartOf":{"@id":"https:\/\/www.pureconsultant.de\/#website"},"primaryImageOfPage":{"@id":"https:\/\/www.pureconsultant.de\/de\/beratung\/programmmanagement-beratung\/#primaryimage"},"image":{"@id":"https:\/\/www.pureconsultant.de\/de\/beratung\/programmmanagement-beratung\/#primaryimage"},"thumbnailUrl":"https:\/\/www.pureconsultant.de\/wp-content\/uploads\/Programmmanagement_01-scaled.jpeg","datePublished":"2021-07-28T13:43:11+00:00","dateModified":"2024-08-14T08:17:10+00:00","description":"Programmmanagement Beratung: Wir verf\u00fcgen \u00fcber strategische, bereichs\u00fcbergreifende Weitsicht & f\u00fchren Ihre Projekte zum Erfolg.","breadcrumb":{"@id":"https:\/\/www.pureconsultant.de\/de\/beratung\/programmmanagement-beratung\/#breadcrumb"},"inLanguage":"de","potentialAction":[{"@type":"ReadAction","target":["https:\/\/www.pureconsultant.de\/de\/beratung\/programmmanagement-beratung\/"]}]},{"@type":"ImageObject","inLanguage":"de","@id":"https:\/\/www.pureconsultant.de\/de\/beratung\/programmmanagement-beratung\/#primaryimage","url":"https:\/\/www.pureconsultant.de\/wp-content\/uploads\/Programmmanagement_01-scaled.jpeg","contentUrl":"https:\/\/www.pureconsultant.de\/wp-content\/uploads\/Programmmanagement_01-scaled.jpeg","width":2560,"height":1407,"caption":"Programmmanagement"},{"@type":"BreadcrumbList","@id":"https:\/\/www.pureconsultant.de\/de\/beratung\/programmmanagement-beratung\/#breadcrumb","itemListElement":[{"@type":"ListItem","position":1,"name":"Startseite","item":"https:\/\/www.pureconsultant.de\/de\/"},{"@type":"ListItem","position":2,"name":"Beratung","item":"https:\/\/www.pureconsultant.de\/de\/beratung\/"},{"@type":"ListItem","position":3,"name":"Programmmanagement Beratung &amp; Consulting"}]},{"@type":"WebSite","@id":"https:\/\/www.pureconsultant.de\/#website","url":"https:\/\/www.pureconsultant.de\/","name":"PURE Consultant","description":"Scrum, PMO, Projektmanagement &amp; Prozessmanagement aus K\u00f6ln","potentialAction":[{"@type":"SearchAction","target":{"@type":"EntryPoint","urlTemplate":"https:\/\/www.pureconsultant.de\/?s={search_term_string}"},"query-input":{"@type":"PropertyValueSpecification","valueRequired":true,"valueName":"search_term_string"}}],"inLanguage":"de"}]}},"_links":{"self":[{"href":"https:\/\/www.pureconsultant.de\/de\/wp-json\/wp\/v2\/pages\/2014","targetHints":{"allow":["GET"]}}],"collection":[{"href":"https:\/\/www.pureconsultant.de\/de\/wp-json\/wp\/v2\/pages"}],"about":[{"href":"https:\/\/www.pureconsultant.de\/de\/wp-json\/wp\/v2\/types\/page"}],"author":[{"embeddable":true,"href":"https:\/\/www.pureconsultant.de\/de\/wp-json\/wp\/v2\/users\/3"}],"replies":[{"embeddable":true,"href":"https:\/\/www.pureconsultant.de\/de\/wp-json\/wp\/v2\/comments?post=2014"}],"version-history":[{"count":0,"href":"https:\/\/www.pureconsultant.de\/de\/wp-json\/wp\/v2\/pages\/2014\/revisions"}],"up":[{"embeddable":true,"href":"https:\/\/www.pureconsultant.de\/de\/wp-json\/wp\/v2\/pages\/216"}],"wp:featuredmedia":[{"embeddable":true,"href":"https:\/\/www.pureconsultant.de\/de\/wp-json\/wp\/v2\/media\/3396"}],"wp:attachment":[{"href":"https:\/\/www.pureconsultant.de\/de\/wp-json\/wp\/v2\/media?parent=2014"}],"curies":[{"name":"wp","href":"https:\/\/api.w.org\/{rel}","templated":true}]}}