{"id":1982,"date":"2021-07-28T15:23:14","date_gmt":"2021-07-28T13:23:14","guid":{"rendered":"https:\/\/www.pureconsultant.de\/?page_id=1982"},"modified":"2024-08-14T10:16:32","modified_gmt":"2024-08-14T08:16:32","slug":"portfoliomanagement-beratung","status":"publish","type":"page","link":"https:\/\/www.pureconsultant.de\/de\/beratung\/portfoliomanagement-beratung\/","title":{"rendered":"Portfoliomanagement Beratung &amp; Consulting"},"content":{"rendered":"<div class=\"m-block--container u-offset m-block--core--heading\">\n<h2 class=\"wp-block-heading\" id=\"h-mit-dem-projektbezogenen-portfoliomanagement-auch-morgen-wettbewerbsfahig-bleiben\">Mit der projektbezogenen Portfoliomanagement Beratung auch morgen wettbewerbsf\u00e4hig bleiben<\/h2>\n<\/div><div class=\"m-block--container u-offset m-block--core--paragraph\">\n<p><strong>Portfoliomanagement Beratung<\/strong> <strong>und Consulting<\/strong>: Ganz gleich, wie die klassische Definition eines Unternehmens ist, f\u00fcr uns ist ein Unternehmen die Summe aller Projekte, die es heute schon realisiert und f\u00fcr die Zukunft budgetiert und plant \u2013 ganz gleich in welchen Gesch\u00e4ftsfeldern und Funktionsbereichen, ob bei R&amp;D, Produktmanagement, Marketing oder Vertrieb. Fakt ist, dass die Anzahl der <a href=\"https:\/\/www.pureconsultant.de\/de\/beratung\/projektmanagement-beratung-consulting\/\"><strong>Projekte<\/strong><\/a> und somit deren Gesamtportfolio in den Unternehmen best\u00e4ndig w\u00e4chst. Dazu geh\u00f6ren auch Programme, in denen mehrere Projekte unter einer Zielsetzung geb\u00fcndelt werden. Zugleich ver\u00e4ndert sich auch der Status und die Wertigkeit der einzelnen Projekte innerhalb des Projektportfolios kontinuierlich. Daher kommt einem professionellen Management des Gesamtportfolios der in Ihrem Unternehmen realisierten, beantragten und geplanten Projekten und Programmen eine immer gr\u00f6\u00dfere Rolle zu.<\/p>\n<\/div><div class=\"m-block--container u-offset m-block--core--heading\">\n<h3 class=\"wp-block-heading\" id=\"h-management-des-portfolios-hat-vorrang-vor-dem-management-von-einzelprojekten\">Management des Portfolios hat Vorrang vor dem Management von Einzelprojekten<\/h3>\n<\/div><div class=\"m-block--container u-offset m-block--core--media-text\">\n<div class=\"wp-block-media-text is-stacked-on-mobile\"><figure class=\"wp-block-media-text__media\"><img loading=\"lazy\" decoding=\"async\" width=\"2560\" height=\"1708\" src=\"https:\/\/www.pureconsultant.de\/wp-content\/uploads\/Portfoliomanagement_01-1-scaled.jpeg\" alt=\"\" class=\"wp-image-8886 size-full\" srcset=\"https:\/\/www.pureconsultant.de\/wp-content\/uploads\/Portfoliomanagement_01-1-scaled.jpeg 2560w, https:\/\/www.pureconsultant.de\/wp-content\/uploads\/Portfoliomanagement_01-1-768x513.jpeg 768w, https:\/\/www.pureconsultant.de\/wp-content\/uploads\/Portfoliomanagement_01-1-1536x1025.jpeg 1536w, https:\/\/www.pureconsultant.de\/wp-content\/uploads\/Portfoliomanagement_01-1-2048x1367.jpeg 2048w, https:\/\/www.pureconsultant.de\/wp-content\/uploads\/Portfoliomanagement_01-1-60x40.jpeg 60w, https:\/\/www.pureconsultant.de\/wp-content\/uploads\/Portfoliomanagement_01-1-445x297.jpeg 445w\" sizes=\"auto, (max-width: 2560px) 100vw, 2560px\" \/><\/figure><div class=\"wp-block-media-text__content\"><div class=\"m-block--container u-offset m-block--core--paragraph\">\n<p>Wir wissen nicht, wie es in Ihrem Unternehmen aussieht, aber in den meisten Unternehmen hat das Management der Einzelprojekte Vorrang und verschlingt den Gro\u00dfteil der verf\u00fcgbaren Ressourcen. Die \u00fcbergeordnete Bestimmung der Projekte oder Projektgruppen, die in das Portfolio eines Unternehmens geh\u00f6ren sowie deren Management selbst, geraten dabei oft zu kurz. So wichtig straffes Projektmanagement f\u00fcr ein Unternehmen auch ist \u2013 bei Gro\u00dfunternehmen als auch schon bei gr\u00f6\u00dferen Mittelst\u00e4ndlern geht immer wieder die \u00dcbersicht dar\u00fcber verloren, welche Einzelprojekte oder ganze Projekt-Programme ihr Projektportfolio enth\u00e4lt.<\/p>\n<\/div><\/div><\/div>\n<\/div><div class=\"m-block--container u-offset m-block--core--paragraph\">\n<p>Vielen Unternehmen fehlt oft die Gesamt-Sicht darauf, wie das Projektportfolio strukturiert ist, welche Einzelprojekte es enth\u00e4lt oder welche Projekt-Programme gefahren werden. Vielleicht stellen Sie sich auch die Frage, wie die Projekte in Ihrem Unternehmen eigentlich priorisiert sind? Machen die definierten Priorit\u00e4ten Sinn? Ist dasjenige Projekt, das offiziell Vorrang hat, innerhalb des Portfolios wirklich das Wichtigste? Bauen die Projekte logisch und konsequent aufeinander auf? Sind sie zielf\u00fchrend und werden in den richtigen Gesch\u00e4ftsfeldern umgesetzt? Oder gehorchen sie eher dem Zufall als dem Plan.<\/p>\n<\/div><div class=\"m-block--container u-offset m-block--core--heading\">\n<h3 class=\"wp-block-heading\" id=\"h-projekte-strategisch-managen-statt-auf-sicht-fahren\"><strong>Projekte strategisch managen, statt auf Sicht fahren<\/strong><\/h3>\n<\/div><div class=\"m-block--container u-offset m-block--core--paragraph\">\n<p>Mit unserer Portfolioanalyse legen wir in Ihrem Unternehmen die Grundlage f\u00fcr ein gut aufgestelltes, professionelles Portfoliomanagement. Damit geben wir Ihnen ein effektives strategisches Steuerungsinstrument an die Hand. Dies geschieht, indem wir alle relevanten Projekte und <strong><a href=\"https:\/\/www.pureconsultant.de\/de\/beratung\/programmmanagement-beratung\/\">Programme<\/a><\/strong> Ihres Unternehmens erfassen, analysieren und unter einem Dach b\u00fcndeln. Wir begleiten Sie vom Eingangsprozess \u00fcber ein \u00fcbergeordnetes Monitoring bis hin zur Steuerung Ihres Projektportfolios.<\/p>\n<\/div><div class=\"m-block--container u-offset m-block--core--paragraph\">\n<p>Mit einem Projekt &#8211; Portfoliomanagement bieten wir Ihnen dar\u00fcber hinaus ein H\u00f6chstma\u00df an Transparenz und somit einen wichtigen Ansatzpunkt f\u00fcr die Koordination innerhalb Ihrer Projektmatrix. Damit versetzen wir Sie als Unternehmensleitung in die Lage, die Projekte von einer h\u00f6heren Warte aus zu steuern, sie zentral zu verwalten, zu koordinieren und die richtigen Vorhaben zum richtigen Zeitpunkt im richtigen Umfeld bzw. Gesch\u00e4ftsbereich umzusetzen. Besonders wichtig: Wir unterst\u00fctzen Sie nicht nur bei der Einrichtung eines systematischen Projektportfolio-Managements. Wir sorgen auch daf\u00fcr, dass Sie diese wichtige Steuerungsfunktion entlang Ihrer Unternehmensziele einsetzen k\u00f6nnen. Sie behalten jederzeit den \u00dcberblick, k\u00f6nnen Ihr Budget endlich dort einplanen, wo es besonders effektiv ist. Kurz, Sie k\u00f6nnen das neugewonnene Steuerungstool und die damit gewonnene Transparenz f\u00fcr Ihre strategische Planung nutzbar machen.<\/p>\n<\/div><div class=\"m-block--container u-offset m-block--core--heading\">\n<h3 class=\"wp-block-heading\" id=\"h-ressourcen-schonen-und-besonders-effizient-nutzen\"><strong>Ressourcen schonen und besonders effizient nutzen<\/strong><\/h3>\n<\/div><div class=\"m-block--container u-offset m-block--core--paragraph\">\n<p>Es ist eine Binsenweisheit, aber Budgets sind niemals unbegrenzt und m\u00fcssen priorisiert werden. Ein Gro\u00dfteil der wertvollen Ressourcen auch Ihres Unternehmens flie\u00dft in die Projektdurchf\u00fchrung selbst. Erst durch ein systematisches Management aller Projekte l\u00e4sst sich extrapolieren, wie hoch der Ressourcenverbrauch ist, wenn Projekte zur falschen Zeit, im falschen Umfeld und ohne klaren Bezug zu einem relevanten Gesch\u00e4ftsfeld durchgef\u00fchrt werden. Mit der Schaffung eines Gesamtbildes, eines Big Pictures, unterst\u00fctzen wir Sie dabei, Ihre Ressourcen noch besser zur b\u00fcndeln als bisher und sie sowohl zur besseren Investitionsentscheidung als auch zur strategischen Sicherung Ihres Unternehmens einzusetzen. Mit der Portfolioanalyse als erstem Schritt erhalten Sie den \u00dcberblick dar\u00fcber, in welchem Umfeld innerhalb Ihres Unternehmens Projekte parallel entwickelt und umgesetzt werden beziehungsweise auch, wo eventuelle Projektdoubletten drohen.<\/p>\n<\/div><div class=\"m-block--container u-offset m-block--core--paragraph\">\n<p>Projektdoubletten und Konfliktpotentiale zu vermeiden ist das eine, die Identifikation von Synergiepotenzialen zwischen zwei oder mehreren Einzelprojekten das andere. So erw\u00fcnscht solche Effekte bei den Unternehmen auch sind \u2013 auch sie haben ein professionelles und immer wieder aktualisiertes Portfoliomanagement zur Voraussetzung.<\/p>\n<\/div><div class=\"m-block--container u-offset m-block--core--heading\">\n<h3 class=\"wp-block-heading\" id=\"h-projektportfoliomanagement-operativ-wie-strategisch-von-bedeutung\"><strong>Portfoliomanagement Beratung &#8211; operativ wie strategisch von Bedeutung<\/strong><\/h3>\n<\/div><div class=\"m-block--container u-offset m-block--core--media-text\">\n<div class=\"wp-block-media-text is-stacked-on-mobile\"><figure class=\"wp-block-media-text__media\"><img loading=\"lazy\" decoding=\"async\" width=\"2560\" height=\"1471\" src=\"https:\/\/www.pureconsultant.de\/wp-content\/uploads\/Portfoliomanagement_02-scaled.jpeg\" alt=\"\" class=\"wp-image-8888 size-full\" srcset=\"https:\/\/www.pureconsultant.de\/wp-content\/uploads\/Portfoliomanagement_02-scaled.jpeg 2560w, https:\/\/www.pureconsultant.de\/wp-content\/uploads\/Portfoliomanagement_02-768x441.jpeg 768w, https:\/\/www.pureconsultant.de\/wp-content\/uploads\/Portfoliomanagement_02-1536x883.jpeg 1536w, https:\/\/www.pureconsultant.de\/wp-content\/uploads\/Portfoliomanagement_02-2048x1177.jpeg 2048w, https:\/\/www.pureconsultant.de\/wp-content\/uploads\/Portfoliomanagement_02-70x40.jpeg 70w\" sizes=\"auto, (max-width: 2560px) 100vw, 2560px\" \/><\/figure><div class=\"wp-block-media-text__content\"><div class=\"m-block--container u-offset m-block--core--paragraph\">\n<p>Das Team von PURE Consultant unterst\u00fctzt Sie bei Planung, Einrichtung und zyklischer Pflege eines effektiven Projektportfoliomanagements in Ihrem Unternehmen. Auf <strong>Projektebene <\/strong>\u00fcbersetzt bedeutet das, dass wir Ihnen helfen, die Projekte zu priorisieren, zu \u00fcberwachen und so noch fokussierter in ihre strategische Unternehmensplanung mit einzubeziehen. Dieser operative Ansatz hat das Ziel, Umfelder, Bereiche, Situationen und Prozesse zu verbessern, die innerhalb Ihres Unternehmens als optimierungsbed\u00fcrftig und -f\u00e4hig gelten, um sie f\u00fcr die Erreichung Ihrer Unternehmensziele zu instrumentalisieren.<\/p>\n<\/div><\/div><\/div>\n<\/div><div class=\"m-block--container u-offset m-block--core--paragraph\">\n<p>Auf der <strong>strategischen Ebene<\/strong> unterst\u00fctzen wir Sie dabei, \u00fcbergeordnete Unternehmensziele zu erreichen. Eine Evaluierung beantragter wie laufender Projekte geh\u00f6rt ebenso dazu wie das permanente und \u00fcbergeordnete Monitoring der Projekte Ihres Unternehmens innerhalb des Gesamtportfolios \u2013 bis hin zu <strong>projekt\u00fcbergreifenden Aufgaben<\/strong> wie Qualit\u00e4tsmanagement oder Controlling. Unter welchen Kriterien wir Sie dabei unterst\u00fctzen, bestimmen allein Sie \u2013 in Relation zu Ihren operativen oder strategischen Unternehmenszielen.<\/p>\n<\/div><div class=\"m-block--container u-offset m-block--core--heading\">\n<h3 class=\"wp-block-heading\" id=\"h-mitarbeiter-innen-und-budgets-zielgenau-einsetzen\"><strong>Mitarbeiter*innen und Budgets zielgenau einsetzen<\/strong><\/h3>\n<\/div><div class=\"m-block--container u-offset m-block--core--paragraph\">\n<p>Es ist unser Ziel, sicher zu stellen, dass Ihr Unternehmen seine finanziellen und personellen Ressourcen genau dort einsetzt, wo sie ben\u00f6tigt werden und wo sie den gr\u00f6\u00dftm\u00f6glichen Nutzen versprechen. Nur so k\u00f6nnen beide optimal zur Erreichung der strategischen Ziele Ihres Unternehmens beitragen. Mitarbeiter*innen m\u00fcssen punktgenau dort eingesetzt werden, wo ein Return on Investment am wahrscheinlichsten ist. Sowohl ihre F\u00e4higkeiten als auch ihre Energie sollten m\u00f6glichst effizient entlang Ihrer Unternehmensziele eingesetzt, statt an weniger sinnvolle Projekte verschwendet werden. Insbesondere heute, wo Fachkr\u00e4fte immer knapper werden und der War for Talents h\u00f6chste Anforderungen an die Personalpolitik von Unternehmen stellt.<\/p>\n<\/div><div class=\"m-block--container u-offset m-block--acf--cta\">    <div  class=\"container-fluid d-block u-block m-cta__link\" title=\"Kontakt\">    <div class=\"m-cta\">\n\t\t\t<div><img decoding=\"async\" src=\"https:\/\/www.pureconsultant.de\/wp-content\/uploads\/theo-staschewski-256x256.jpg\" width=\"128\" height=\"128\" alt=\"Scrum Master und Agile Coach - Theo Staschewski\" class=\"m-cta__image\" loading=\"lazy\"><\/div><div><h2 class=\"a-headline--4 m-cta__headline\">Portfoliomanagement Beratung &#038; Consulting \u2013 Bedarf? Termin vereinbaren!<\/h2><div class=\"m-cta__text\">Vereinbaren Sie einen Termin mit uns und lernen Sie das Team kennen. In einem pers\u00f6nlichen Termin k\u00f6nnen wir Ihre Bed\u00fcrfnisse analysieren und mit Ihnen zusammen eine individuelle Portfoliomanagement \u2013 Strategie erarbeiten. <\/div><\/div>        <a href=\"https:\/\/www.pureconsultant.de\/de\/kontakt\/\" class=\"a-button -blue -sm m-cta__more\">Termin vereinbaren<\/a>\n    <\/div>\n\t<\/div><\/div>","protected":false},"excerpt":{"rendered":"<p>Mit der projektbezogenen Portfoliomanagement Beratung auch morgen wettbewerbsf\u00e4hig bleiben Portfoliomanagement Beratung und Consulting: Ganz gleich, wie die klassische Definition eines Unternehmens ist, f\u00fcr uns ist ein Unternehmen die Summe aller Projekte, die es heute schon realisiert und f\u00fcr die Zukunft budgetiert und plant \u2013 ganz gleich in welchen Gesch\u00e4ftsfeldern und Funktionsbereichen, ob bei R&amp;D, Produktmanagement, [&hellip;]<\/p>\n","protected":false},"author":3,"featured_media":3393,"parent":216,"menu_order":0,"comment_status":"closed","ping_status":"closed","template":"","meta":{"_acf_changed":false,"inline_featured_image":false,"footnotes":""},"class_list":["post-1982","page","type-page","status-publish","has-post-thumbnail","hentry"],"acf":[],"yoast_head":"<!-- This site is optimized with the Yoast SEO plugin v27.5 - https:\/\/yoast.com\/product\/yoast-seo-wordpress\/ -->\n<title>Portfoliomanagement Beratung &amp; Consulting aus K\u00f6ln - PURE Consultant<\/title>\n<meta name=\"description\" content=\"Unsere strukturierte Portfoliomanagement Beratung bieten Ihnen Transparenz und dadurch Erfolgschancen im Unternehmen. \u279c Jetzt mehr erfahren\u2026\" \/>\n<meta name=\"robots\" content=\"index, follow, max-snippet:-1, max-image-preview:large, max-video-preview:-1\" \/>\n<link rel=\"canonical\" href=\"https:\/\/www.pureconsultant.de\/de\/beratung\/portfoliomanagement-beratung\/\" \/>\n<meta property=\"og:locale\" content=\"de_DE\" \/>\n<meta property=\"og:type\" content=\"article\" \/>\n<meta property=\"og:title\" content=\"Portfoliomanagement Beratung &amp; Consulting aus K\u00f6ln - PURE Consultant\" \/>\n<meta property=\"og:description\" content=\"Unsere strukturierte Portfoliomanagement Beratung bieten Ihnen Transparenz und dadurch Erfolgschancen im Unternehmen. \u279c Jetzt mehr erfahren\u2026\" \/>\n<meta property=\"og:url\" content=\"https:\/\/www.pureconsultant.de\/de\/beratung\/portfoliomanagement-beratung\/\" \/>\n<meta property=\"og:site_name\" content=\"PURE Consultant\" \/>\n<meta property=\"article:modified_time\" content=\"2024-08-14T08:16:32+00:00\" \/>\n<meta property=\"og:image\" content=\"https:\/\/www.pureconsultant.de\/wp-content\/uploads\/Portfoliomanagement_01-scaled.jpeg\" \/>\n\t<meta property=\"og:image:width\" content=\"2560\" \/>\n\t<meta property=\"og:image:height\" content=\"1708\" \/>\n\t<meta property=\"og:image:type\" content=\"image\/jpeg\" \/>\n<meta name=\"twitter:card\" content=\"summary_large_image\" \/>\n<meta name=\"twitter:label1\" content=\"Gesch\u00e4tzte Lesezeit\" \/>\n\t<meta name=\"twitter:data1\" content=\"6\u00a0Minuten\" \/>\n<script type=\"application\/ld+json\" class=\"yoast-schema-graph\">{\"@context\":\"https:\\\/\\\/schema.org\",\"@graph\":[{\"@type\":\"WebPage\",\"@id\":\"https:\\\/\\\/www.pureconsultant.de\\\/de\\\/beratung\\\/portfoliomanagement-beratung\\\/\",\"url\":\"https:\\\/\\\/www.pureconsultant.de\\\/de\\\/beratung\\\/portfoliomanagement-beratung\\\/\",\"name\":\"Portfoliomanagement Beratung &amp; Consulting aus K\u00f6ln - PURE Consultant\",\"isPartOf\":{\"@id\":\"https:\\\/\\\/www.pureconsultant.de\\\/#website\"},\"primaryImageOfPage\":{\"@id\":\"https:\\\/\\\/www.pureconsultant.de\\\/de\\\/beratung\\\/portfoliomanagement-beratung\\\/#primaryimage\"},\"image\":{\"@id\":\"https:\\\/\\\/www.pureconsultant.de\\\/de\\\/beratung\\\/portfoliomanagement-beratung\\\/#primaryimage\"},\"thumbnailUrl\":\"https:\\\/\\\/www.pureconsultant.de\\\/wp-content\\\/uploads\\\/Portfoliomanagement_01-scaled.jpeg\",\"datePublished\":\"2021-07-28T13:23:14+00:00\",\"dateModified\":\"2024-08-14T08:16:32+00:00\",\"description\":\"Unsere strukturierte Portfoliomanagement Beratung bieten Ihnen Transparenz und dadurch Erfolgschancen im Unternehmen. \u279c Jetzt mehr erfahren\u2026\",\"breadcrumb\":{\"@id\":\"https:\\\/\\\/www.pureconsultant.de\\\/de\\\/beratung\\\/portfoliomanagement-beratung\\\/#breadcrumb\"},\"inLanguage\":\"de\",\"potentialAction\":[{\"@type\":\"ReadAction\",\"target\":[\"https:\\\/\\\/www.pureconsultant.de\\\/de\\\/beratung\\\/portfoliomanagement-beratung\\\/\"]}]},{\"@type\":\"ImageObject\",\"inLanguage\":\"de\",\"@id\":\"https:\\\/\\\/www.pureconsultant.de\\\/de\\\/beratung\\\/portfoliomanagement-beratung\\\/#primaryimage\",\"url\":\"https:\\\/\\\/www.pureconsultant.de\\\/wp-content\\\/uploads\\\/Portfoliomanagement_01-scaled.jpeg\",\"contentUrl\":\"https:\\\/\\\/www.pureconsultant.de\\\/wp-content\\\/uploads\\\/Portfoliomanagement_01-scaled.jpeg\",\"width\":2560,\"height\":1708,\"caption\":\"Portfoliomanagement\"},{\"@type\":\"BreadcrumbList\",\"@id\":\"https:\\\/\\\/www.pureconsultant.de\\\/de\\\/beratung\\\/portfoliomanagement-beratung\\\/#breadcrumb\",\"itemListElement\":[{\"@type\":\"ListItem\",\"position\":1,\"name\":\"Startseite\",\"item\":\"https:\\\/\\\/www.pureconsultant.de\\\/de\\\/\"},{\"@type\":\"ListItem\",\"position\":2,\"name\":\"Beratung\",\"item\":\"https:\\\/\\\/www.pureconsultant.de\\\/de\\\/beratung\\\/\"},{\"@type\":\"ListItem\",\"position\":3,\"name\":\"Portfoliomanagement Beratung &amp; Consulting\"}]},{\"@type\":\"WebSite\",\"@id\":\"https:\\\/\\\/www.pureconsultant.de\\\/#website\",\"url\":\"https:\\\/\\\/www.pureconsultant.de\\\/\",\"name\":\"PURE Consultant\",\"description\":\"Scrum, PMO, Projektmanagement &amp; Prozessmanagement aus K\u00f6ln\",\"potentialAction\":[{\"@type\":\"SearchAction\",\"target\":{\"@type\":\"EntryPoint\",\"urlTemplate\":\"https:\\\/\\\/www.pureconsultant.de\\\/?s={search_term_string}\"},\"query-input\":{\"@type\":\"PropertyValueSpecification\",\"valueRequired\":true,\"valueName\":\"search_term_string\"}}],\"inLanguage\":\"de\"}]}<\/script>\n<!-- \/ Yoast SEO plugin. -->","yoast_head_json":{"title":"Portfoliomanagement Beratung &amp; Consulting aus K\u00f6ln - PURE Consultant","description":"Unsere strukturierte Portfoliomanagement Beratung bieten Ihnen Transparenz und dadurch Erfolgschancen im Unternehmen. \u279c Jetzt mehr erfahren\u2026","robots":{"index":"index","follow":"follow","max-snippet":"max-snippet:-1","max-image-preview":"max-image-preview:large","max-video-preview":"max-video-preview:-1"},"canonical":"https:\/\/www.pureconsultant.de\/de\/beratung\/portfoliomanagement-beratung\/","og_locale":"de_DE","og_type":"article","og_title":"Portfoliomanagement Beratung &amp; Consulting aus K\u00f6ln - PURE Consultant","og_description":"Unsere strukturierte Portfoliomanagement Beratung bieten Ihnen Transparenz und dadurch Erfolgschancen im Unternehmen. \u279c Jetzt mehr erfahren\u2026","og_url":"https:\/\/www.pureconsultant.de\/de\/beratung\/portfoliomanagement-beratung\/","og_site_name":"PURE Consultant","article_modified_time":"2024-08-14T08:16:32+00:00","og_image":[{"width":2560,"height":1708,"url":"https:\/\/www.pureconsultant.de\/wp-content\/uploads\/Portfoliomanagement_01-scaled.jpeg","type":"image\/jpeg"}],"twitter_card":"summary_large_image","twitter_misc":{"Gesch\u00e4tzte Lesezeit":"6\u00a0Minuten"},"schema":{"@context":"https:\/\/schema.org","@graph":[{"@type":"WebPage","@id":"https:\/\/www.pureconsultant.de\/de\/beratung\/portfoliomanagement-beratung\/","url":"https:\/\/www.pureconsultant.de\/de\/beratung\/portfoliomanagement-beratung\/","name":"Portfoliomanagement Beratung &amp; Consulting aus K\u00f6ln - PURE Consultant","isPartOf":{"@id":"https:\/\/www.pureconsultant.de\/#website"},"primaryImageOfPage":{"@id":"https:\/\/www.pureconsultant.de\/de\/beratung\/portfoliomanagement-beratung\/#primaryimage"},"image":{"@id":"https:\/\/www.pureconsultant.de\/de\/beratung\/portfoliomanagement-beratung\/#primaryimage"},"thumbnailUrl":"https:\/\/www.pureconsultant.de\/wp-content\/uploads\/Portfoliomanagement_01-scaled.jpeg","datePublished":"2021-07-28T13:23:14+00:00","dateModified":"2024-08-14T08:16:32+00:00","description":"Unsere strukturierte Portfoliomanagement Beratung bieten Ihnen Transparenz und dadurch Erfolgschancen im Unternehmen. \u279c Jetzt mehr erfahren\u2026","breadcrumb":{"@id":"https:\/\/www.pureconsultant.de\/de\/beratung\/portfoliomanagement-beratung\/#breadcrumb"},"inLanguage":"de","potentialAction":[{"@type":"ReadAction","target":["https:\/\/www.pureconsultant.de\/de\/beratung\/portfoliomanagement-beratung\/"]}]},{"@type":"ImageObject","inLanguage":"de","@id":"https:\/\/www.pureconsultant.de\/de\/beratung\/portfoliomanagement-beratung\/#primaryimage","url":"https:\/\/www.pureconsultant.de\/wp-content\/uploads\/Portfoliomanagement_01-scaled.jpeg","contentUrl":"https:\/\/www.pureconsultant.de\/wp-content\/uploads\/Portfoliomanagement_01-scaled.jpeg","width":2560,"height":1708,"caption":"Portfoliomanagement"},{"@type":"BreadcrumbList","@id":"https:\/\/www.pureconsultant.de\/de\/beratung\/portfoliomanagement-beratung\/#breadcrumb","itemListElement":[{"@type":"ListItem","position":1,"name":"Startseite","item":"https:\/\/www.pureconsultant.de\/de\/"},{"@type":"ListItem","position":2,"name":"Beratung","item":"https:\/\/www.pureconsultant.de\/de\/beratung\/"},{"@type":"ListItem","position":3,"name":"Portfoliomanagement Beratung &amp; Consulting"}]},{"@type":"WebSite","@id":"https:\/\/www.pureconsultant.de\/#website","url":"https:\/\/www.pureconsultant.de\/","name":"PURE Consultant","description":"Scrum, PMO, Projektmanagement &amp; Prozessmanagement aus K\u00f6ln","potentialAction":[{"@type":"SearchAction","target":{"@type":"EntryPoint","urlTemplate":"https:\/\/www.pureconsultant.de\/?s={search_term_string}"},"query-input":{"@type":"PropertyValueSpecification","valueRequired":true,"valueName":"search_term_string"}}],"inLanguage":"de"}]}},"_links":{"self":[{"href":"https:\/\/www.pureconsultant.de\/de\/wp-json\/wp\/v2\/pages\/1982","targetHints":{"allow":["GET"]}}],"collection":[{"href":"https:\/\/www.pureconsultant.de\/de\/wp-json\/wp\/v2\/pages"}],"about":[{"href":"https:\/\/www.pureconsultant.de\/de\/wp-json\/wp\/v2\/types\/page"}],"author":[{"embeddable":true,"href":"https:\/\/www.pureconsultant.de\/de\/wp-json\/wp\/v2\/users\/3"}],"replies":[{"embeddable":true,"href":"https:\/\/www.pureconsultant.de\/de\/wp-json\/wp\/v2\/comments?post=1982"}],"version-history":[{"count":0,"href":"https:\/\/www.pureconsultant.de\/de\/wp-json\/wp\/v2\/pages\/1982\/revisions"}],"up":[{"embeddable":true,"href":"https:\/\/www.pureconsultant.de\/de\/wp-json\/wp\/v2\/pages\/216"}],"wp:featuredmedia":[{"embeddable":true,"href":"https:\/\/www.pureconsultant.de\/de\/wp-json\/wp\/v2\/media\/3393"}],"wp:attachment":[{"href":"https:\/\/www.pureconsultant.de\/de\/wp-json\/wp\/v2\/media?parent=1982"}],"curies":[{"name":"wp","href":"https:\/\/api.w.org\/{rel}","templated":true}]}}